{"id":3430,"date":"2025-07-17T13:35:14","date_gmt":"2025-07-17T11:35:14","guid":{"rendered":"https:\/\/irma.ac\/doar\/"},"modified":"2025-12-18T18:20:42","modified_gmt":"2025-12-18T17:20:42","slug":"doar","status":"publish","type":"page","link":"https:\/\/irma.ac\/pt-br\/doar\/","title":{"rendered":"Doar"},"content":{"rendered":"<p>[et_pb_section fb_built=&#8221;1&#8243; _builder_version=&#8221;4.27.4&#8243; _module_preset=&#8221;default&#8221; custom_margin=&#8221;2rem||||false|false&#8221; global_colors_info=&#8221;{}&#8221;][et_pb_row _builder_version=&#8221;4.27.4&#8243; _module_preset=&#8221;default&#8221; global_colors_info=&#8221;{}&#8221;][et_pb_column type=&#8221;4_4&#8243; _builder_version=&#8221;4.27.4&#8243; _module_preset=&#8221;default&#8221; global_colors_info=&#8221;{}&#8221;][et_pb_text _builder_version=&#8221;4.27.4&#8243; _module_preset=&#8221;default&#8221; header_font_size_last_edited=&#8221;off|desktop&#8221; global_colors_info=&#8221;{}&#8221;]<\/p>\n<h1>Apoie-nos<\/h1>\n<p>[\/et_pb_text][\/et_pb_column][\/et_pb_row][\/et_pb_section][et_pb_section fb_built=&#8221;1&#8243; _builder_version=&#8221;4.27.5&#8243; _module_preset=&#8221;default&#8221; min_height=&#8221;40vh&#8221; custom_margin=&#8221;||2rem||false|false&#8221; custom_padding=&#8221;||||false|false&#8221; global_colors_info=&#8221;{}&#8221;][et_pb_row _builder_version=&#8221;4.27.4&#8243; _module_preset=&#8221;default&#8221; global_colors_info=&#8221;{}&#8221;][et_pb_column type=&#8221;4_4&#8243; _builder_version=&#8221;4.27.4&#8243; _module_preset=&#8221;default&#8221; global_colors_info=&#8221;{}&#8221;][et_pb_text _builder_version=&#8221;4.27.5&#8243; _module_preset=&#8221;20481be7-2273-4696-9762-3ac21d12901e&#8221; global_colors_info=&#8221;{}&#8221;]<\/p>\n<p>Apoiamos artistas e institui\u00e7\u00f5es em todo o mundo que pediram por isso, enfrentando desafios negligenciados e de alto potencial e buscando um impacto significativo e mensur\u00e1vel. Ajude-nos a ampliar o talento art\u00edstico e a equalizar as chances. <\/p>\n<p>Sua doa\u00e7\u00e3o contribui para o nosso sucesso.  <strong>Obrigado pelo apoio de voc\u00eas!<\/strong><\/p>\n<p>IRMA &#8211; International Relations &amp; Music Association<br \/>Chemin des Grillons 5, 2000 Neuch\u00e2tel, Su\u00ed\u00e7a<strong><\/strong><\/p>\n<p><strong><\/strong><\/p>\n<p>[\/et_pb_text][\/et_pb_column][\/et_pb_row][et_pb_row _builder_version=&#8221;4.27.5&#8243; _module_preset=&#8221;default&#8221; custom_margin=&#8221;3rem||||false|false&#8221; global_colors_info=&#8221;{}&#8221;][et_pb_column type=&#8221;4_4&#8243; _builder_version=&#8221;4.27.5&#8243; _module_preset=&#8221;default&#8221; global_colors_info=&#8221;{}&#8221;][et_pb_text _builder_version=&#8221;4.27.5&#8243; _module_preset=&#8221;20481be7-2273-4696-9762-3ac21d12901e&#8221; global_colors_info=&#8221;{}&#8221;]<\/p>\n<h3>DADOS BANC\u00c1RIOS<\/h3>\n<p>Banque Cantonale Neuch\u00e2teloise<br \/>Place Pury 4, 2001 Neuch\u00e2tel<br \/><strong>N\u00famero da conta:<\/strong> 1040.91.06.3<br \/><strong>IBAN:<\/strong> CH49 0076 6000 1040 9106 3<br \/>BIC\/SWIFT<strong>:<\/strong> BCNNCH22<br \/><strong>Clearing:<\/strong> 766<\/p>\n<p>D\u00ea prefer\u00eancia a transfer\u00eancias banc\u00e1rias para doa\u00e7\u00f5es da Europa, pois elas s\u00e3o gratuitas.<\/p>\n<p>[\/et_pb_text][\/et_pb_column][\/et_pb_row][\/et_pb_section][et_pb_section fb_built=&#8221;1&#8243; _builder_version=&#8221;4.27.5&#8243; _module_preset=&#8221;default&#8221; positioning=&#8221;none&#8221; position_origin_a=&#8221;top_center&#8221; custom_margin=&#8221;5rem||||false|false&#8221; custom_padding=&#8221;||2rem||false|false&#8221; global_colors_info=&#8221;{}&#8221;][et_pb_row _builder_version=&#8221;4.27.4&#8243; _module_preset=&#8221;default&#8221; position_origin_a=&#8221;center_center&#8221; global_colors_info=&#8221;{}&#8221;][et_pb_column type=&#8221;4_4&#8243; _builder_version=&#8221;4.27.4&#8243; _module_preset=&#8221;default&#8221; global_colors_info=&#8221;{}&#8221;][et_pb_image src=&#8221;https:\/\/irma.ac\/wp-content\/uploads\/2025\/07\/twint-custom-eng_orig.png&#8221; title_text=&#8221;twint-custom-eng_orig&#8221; align=&#8221;center&#8221; _builder_version=&#8221;4.27.4&#8243; _module_preset=&#8221;default&#8221; global_colors_info=&#8221;{}&#8221;][\/et_pb_image][\/et_pb_column][\/et_pb_row][\/et_pb_section]<\/p>\n","protected":false},"excerpt":{"rendered":"<p>Apoie-nosApoiamos artistas e institui\u00e7\u00f5es em todo o mundo que pediram por isso, enfrentando desafios negligenciados e de alto potencial e buscando um impacto significativo e mensur\u00e1vel. Ajude-nos a ampliar o talento art\u00edstico e a equalizar as chances. Sua doa\u00e7\u00e3o contribui para o nosso sucesso. Obrigado pelo apoio de voc\u00eas! IRMA &#8211; International Relations &amp; Music [&hellip;]<\/p>\n","protected":false},"author":1,"featured_media":0,"parent":0,"menu_order":0,"comment_status":"closed","ping_status":"closed","template":"","meta":{"_et_pb_use_builder":"on","_et_pb_old_content":"","_et_gb_content_width":"","footnotes":""},"dipi_cpt_category":[],"class_list":["post-3430","page","type-page","status-publish","hentry"],"_links":{"self":[{"href":"https:\/\/irma.ac\/pt-br\/wp-json\/wp\/v2\/pages\/3430","targetHints":{"allow":["GET"]}}],"collection":[{"href":"https:\/\/irma.ac\/pt-br\/wp-json\/wp\/v2\/pages"}],"about":[{"href":"https:\/\/irma.ac\/pt-br\/wp-json\/wp\/v2\/types\/page"}],"author":[{"embeddable":true,"href":"https:\/\/irma.ac\/pt-br\/wp-json\/wp\/v2\/users\/1"}],"replies":[{"embeddable":true,"href":"https:\/\/irma.ac\/pt-br\/wp-json\/wp\/v2\/comments?post=3430"}],"version-history":[{"count":10,"href":"https:\/\/irma.ac\/pt-br\/wp-json\/wp\/v2\/pages\/3430\/revisions"}],"predecessor-version":[{"id":3922,"href":"https:\/\/irma.ac\/pt-br\/wp-json\/wp\/v2\/pages\/3430\/revisions\/3922"}],"wp:attachment":[{"href":"https:\/\/irma.ac\/pt-br\/wp-json\/wp\/v2\/media?parent=3430"}],"wp:term":[{"taxonomy":"dipi_cpt_category","embeddable":true,"href":"https:\/\/irma.ac\/pt-br\/wp-json\/wp\/v2\/dipi_cpt_category?post=3430"}],"curies":[{"name":"wp","href":"https:\/\/api.w.org\/{rel}","templated":true}]}}