{"id":3292,"date":"2025-06-17T13:07:26","date_gmt":"2025-06-17T11:07:26","guid":{"rendered":"https:\/\/irma.ac\/a-propos-de-nous\/"},"modified":"2026-04-13T13:16:51","modified_gmt":"2026-04-13T11:16:51","slug":"a-propos-de-nous","status":"publish","type":"page","link":"https:\/\/irma.ac\/fr\/a-propos-de-nous\/","title":{"rendered":"\u00c0 notre propos"},"content":{"rendered":"<p>[et_pb_section fb_built=\u00a0\u00bb1&Prime; admin_label=\u00a0\u00bbtitre\u00a0\u00bb _builder_version=\u00a0\u00bb4.27.4&Prime; _module_preset=\u00a0\u00bbdefault\u00a0\u00bb custom_margin=\u00a0\u00bb2rem||||false|false\u00a0\u00bb custom_padding=\u00a0\u00bb||||false|false\u00a0\u00bb global_colors_info=\u00a0\u00bb{}\u00a0\u00bb][et_pb_row _builder_version=\u00a0\u00bb4.27.4&Prime; _module_preset=\u00a0\u00bbdefault\u00a0\u00bb global_colors_info=\u00a0\u00bb{}\u00a0\u00bb][et_pb_column type=\u00a0\u00bb4_4&Prime; _builder_version=\u00a0\u00bb4.27.4&Prime; _module_preset=\u00a0\u00bbdefault\u00a0\u00bb global_colors_info=\u00a0\u00bb{}\u00a0\u00bb][et_pb_text _builder_version=\u00a0\u00bb4.27.4&Prime; _module_preset=\u00a0\u00bbdefault\u00a0\u00bb global_colors_info=\u00a0\u00bb{}\u00a0\u00bb]<\/p>\n<h1>\u00c0 notre propos<\/h1>\n<p>[\/et_pb_text][\/et_pb_column][\/et_pb_row][\/et_pb_section][et_pb_section fb_built=\u00a0\u00bb1&Prime; custom_padding_last_edited=\u00a0\u00bbon|phone\u00a0\u00bb admin_label=\u00a0\u00bbmission\/vision\/focus\u00a0\u00bb _builder_version=\u00a0\u00bb4.27.4&Prime; _module_preset=\u00a0\u00bbdefault\u00a0\u00bb custom_padding=\u00a0\u00bb3rem||0px||false|false\u00a0\u00bb custom_padding_tablet=\u00a0\u00bb3rem||0px||false|false\u00a0\u00bb custom_padding_phone=\u00a0\u00bb1.5rem||||false|false\u00a0\u00bb global_colors_info=\u00a0\u00bb{}\u00a0\u00bb][et_pb_row column_structure=\u00a0\u00bb1_3,2_3&Prime; admin_label=\u00a0\u00bbMission\u00a0\u00bb _builder_version=\u00a0\u00bb4.27.4&Prime; _module_preset=\u00a0\u00bbdefault\u00a0\u00bb custom_margin=\u00a0\u00bb||||false|false\u00a0\u00bb custom_padding=\u00a0\u00bb||6rem||false|false\u00a0\u00bb global_colors_info=\u00a0\u00bb{}\u00a0\u00bb][et_pb_column type=\u00a0\u00bb1_3&Prime; _builder_version=\u00a0\u00bb4.27.4&Prime; _module_preset=\u00a0\u00bbdefault\u00a0\u00bb global_colors_info=\u00a0\u00bb{}\u00a0\u00bb][et_pb_text _builder_version=\u00a0\u00bb4.27.4&Prime; _module_preset=\u00a0\u00bb20481be7-2273-4696-9762-3ac21d12901e\u00a0\u00bb header_2_text_align=\u00a0\u00bbleft\u00a0\u00bb text_orientation=\u00a0\u00bbcenter\u00a0\u00bb global_colors_info=\u00a0\u00bb{}\u00a0\u00bb]<\/p>\n<h2>Mission<\/h2>\n<p>[\/et_pb_text][\/et_pb_column][et_pb_column type=\u00a0\u00bb2_3&Prime; _builder_version=\u00a0\u00bb4.27.4&Prime; _module_preset=\u00a0\u00bbdefault\u00a0\u00bb global_colors_info=\u00a0\u00bb{}\u00a0\u00bb][et_pb_text _builder_version=\u00a0\u00bb4.27.4&Prime; _module_preset=\u00a0\u00bbdefault\u00a0\u00bb global_colors_info=\u00a0\u00bb{}\u00a0\u00bb]<\/p>\n<p>Nous reconnaissons que les privil\u00e8ges sont r\u00e9partis in\u00e9galement dans le monde et agissons en cons\u00e9quence. Nous mobilisons la musique, les musicien\u00b7ne\u00b7s et la production musicale vers une soci\u00e9t\u00e9 globale plus juste, convaincus que la cr\u00e9ativit\u00e9 peut inspirer un changement social positif.  Nous amplifions la cr\u00e9ation artistique pour \u00e9galiser les chances.<\/p>\n<p>[\/et_pb_text][\/et_pb_column][\/et_pb_row][et_pb_row column_structure=\u00a0\u00bb1_3,2_3&Prime; admin_label=\u00a0\u00bbVision\u00a0\u00bb _builder_version=\u00a0\u00bb4.27.4&Prime; _module_preset=\u00a0\u00bbdefault\u00a0\u00bb custom_padding=\u00a0\u00bb||6rem||false|false\u00a0\u00bb global_colors_info=\u00a0\u00bb{}\u00a0\u00bb][et_pb_column type=\u00a0\u00bb1_3&Prime; _builder_version=\u00a0\u00bb4.27.4&Prime; _module_preset=\u00a0\u00bbdefault\u00a0\u00bb global_colors_info=\u00a0\u00bb{}\u00a0\u00bb][et_pb_text _builder_version=\u00a0\u00bb4.27.4&Prime; _module_preset=\u00a0\u00bb20481be7-2273-4696-9762-3ac21d12901e\u00a0\u00bb header_2_text_align=\u00a0\u00bbleft\u00a0\u00bb text_orientation=\u00a0\u00bbcenter\u00a0\u00bb global_colors_info=\u00a0\u00bb{}\u00a0\u00bb]<\/p>\n<h2>Vision<\/h2>\n<p>[\/et_pb_text][\/et_pb_column][et_pb_column type=\u00a0\u00bb2_3&Prime; _builder_version=\u00a0\u00bb4.27.4&Prime; _module_preset=\u00a0\u00bbdefault\u00a0\u00bb global_colors_info=\u00a0\u00bb{}\u00a0\u00bb][et_pb_text _builder_version=\u00a0\u00bb4.27.4&Prime; _module_preset=\u00a0\u00bbdefault\u00a0\u00bb global_colors_info=\u00a0\u00bb{}\u00a0\u00bb]<\/p>\n<p>Un monde o\u00f9 les trajectoires de vie ne sont plus d\u00e9termin\u00e9es par le lieu de naissance et les dotations familiales, et dans lequel celles et ceux qui ont des ressources abondantes trouvent du r\u00e9confort en les partageant avec les moins bien nantis. Nous pensons que les artistes sont essentiel\u00b7le\u00b7s pour inspirer et cr\u00e9er le changement n\u00e9cessaire pour r\u00e9aliser notre vision. <\/p>\n<p>[\/et_pb_text][\/et_pb_column][\/et_pb_row][et_pb_row column_structure=\u00a0\u00bb1_3,2_3&Prime; admin_label=\u00a0\u00bbFocus\u00a0\u00bb _builder_version=\u00a0\u00bb4.27.4&Prime; _module_preset=\u00a0\u00bbdefault\u00a0\u00bb custom_padding=\u00a0\u00bb||6rem||false|false\u00a0\u00bb global_colors_info=\u00a0\u00bb{}\u00a0\u00bb][et_pb_column type=\u00a0\u00bb1_3&Prime; _builder_version=\u00a0\u00bb4.27.4&Prime; _module_preset=\u00a0\u00bbdefault\u00a0\u00bb global_colors_info=\u00a0\u00bb{}\u00a0\u00bb][et_pb_text _builder_version=\u00a0\u00bb4.27.4&Prime; _module_preset=\u00a0\u00bb20481be7-2273-4696-9762-3ac21d12901e\u00a0\u00bb header_2_text_align=\u00a0\u00bbleft\u00a0\u00bb text_orientation=\u00a0\u00bbcenter\u00a0\u00bb global_colors_info=\u00a0\u00bb{}\u00a0\u00bb]<\/p>\n<h2>Focus<\/h2>\n<p>[\/et_pb_text][\/et_pb_column][et_pb_column type=\u00a0\u00bb2_3&Prime; _builder_version=\u00a0\u00bb4.27.4&Prime; _module_preset=\u00a0\u00bbdefault\u00a0\u00bb global_colors_info=\u00a0\u00bb{}\u00a0\u00bb][et_pb_text _builder_version=\u00a0\u00bb4.27.5&Prime; _module_preset=\u00a0\u00bbdefault\u00a0\u00bb hover_enabled=\u00a0\u00bb0&Prime; global_colors_info=\u00a0\u00bb{}\u00a0\u00bb sticky_enabled=\u00a0\u00bb0&Prime;]<\/p>\n<p>Le travail d&rsquo;IRMA contribue principalement aux <a href=\"https:\/\/sdgs.un.org\/goals\" target=\"_blank\" rel=\"noopener\">objectifs de d\u00e9veloppement durable des Nations Unies<\/a> 1 (pas de pauvret\u00e9), 4 (\u00e9ducation de qualit\u00e9), 8 (travail d\u00e9cent pour tous) et 10 (r\u00e9duction des in\u00e9galit\u00e9s).<\/p>\n<p>[\/et_pb_text][\/et_pb_column][\/et_pb_row][et_pb_row column_structure=\u00a0\u00bb1_3,2_3&Prime; _builder_version=\u00a0\u00bb4.27.4&Prime; _module_preset=\u00a0\u00bbdefault\u00a0\u00bb custom_padding=\u00a0\u00bb||0px||false|false\u00a0\u00bb global_colors_info=\u00a0\u00bb{}\u00a0\u00bb][et_pb_column type=\u00a0\u00bb1_3&Prime; _builder_version=\u00a0\u00bb4.27.4&Prime; _module_preset=\u00a0\u00bbdefault\u00a0\u00bb global_colors_info=\u00a0\u00bb{}\u00a0\u00bb][et_pb_text _builder_version=\u00a0\u00bb4.27.4&Prime; _module_preset=\u00a0\u00bb20481be7-2273-4696-9762-3ac21d12901e\u00a0\u00bb header_2_text_align=\u00a0\u00bbleft\u00a0\u00bb text_orientation=\u00a0\u00bbcenter\u00a0\u00bb sticky_position=\u00a0\u00bbtop\u00a0\u00bb sticky_offset_top=\u00a0\u00bb10rem\u00a0\u00bb sticky_limit_bottom=\u00a0\u00bbrow\u00a0\u00bb sticky_position_tablet=\u00a0\u00bbnone\u00a0\u00bb sticky_position_phone=\u00a0\u00bbnone\u00a0\u00bb sticky_position_last_edited=\u00a0\u00bbon|desktop\u00a0\u00bb global_colors_info=\u00a0\u00bb{}\u00a0\u00bb]<\/p>\n<h2>Philosophie<\/h2>\n<p>[\/et_pb_text][\/et_pb_column][et_pb_column type=\u00a0\u00bb2_3&Prime; _builder_version=\u00a0\u00bb4.27.4&Prime; _module_preset=\u00a0\u00bbdefault\u00a0\u00bb global_colors_info=\u00a0\u00bb{}\u00a0\u00bb][et_pb_text admin_label=\u00a0\u00bbDiscernment\u00a0\u00bb _builder_version=\u00a0\u00bb4.27.4&Prime; _module_preset=\u00a0\u00bbdefault\u00a0\u00bb global_colors_info=\u00a0\u00bb{}\u00a0\u00bb]<\/p>\n<h3>Discernement<\/h3>\n<p>Nous pensons que la musique et l&rsquo;art peuvent avoir des effets positifs sur les gens lorsqu&rsquo;ils sont appliqu\u00e9s de mani\u00e8re r\u00e9fl\u00e9chie. La recherche montre que la musique peut att\u00e9nuer la douleur physique, soutenir la sant\u00e9 mentale, connecter les communaut\u00e9s et g\u00e9n\u00e9rer des revenus, entre autres avantages. Mais la musique et l&rsquo;art peuvent aussi \u00eatre mal utilis\u00e9s. C&rsquo;est pourquoi nous basons toujours nos projets sur une recherche critique et factuelle.   <\/p>\n<p>[\/et_pb_text][et_pb_text admin_label=\u00a0\u00bbIntegrity\u00a0\u00bb _builder_version=\u00a0\u00bb4.27.4&Prime; _module_preset=\u00a0\u00bbdefault\u00a0\u00bb global_colors_info=\u00a0\u00bb{}\u00a0\u00bb]<\/p>\n<h3>Int\u00e9grit\u00e9<\/h3>\n<p>Nous alignons nos actions sur notre mission et nos valeurs, m\u00eame lorsque c&rsquo;est difficile ou co\u00fbteux. Nous sommes transparents quant \u00e0 nos limites, nos erreurs et nos processus d&rsquo;apprentissage. Nous \u00e9valuons notre travail et reconnaissons quand il ne r\u00e9pond pas aux attentes, en assumant la responsabilit\u00e9 de l&rsquo;am\u00e9lioration. Nous ne promettons jamais plus que ce que nous pouvons offrir, ni ne nous attribuons le m\u00e9rite des succ\u00e8s des autres.   <\/p>\n<p>[\/et_pb_text][et_pb_text admin_label=\u00a0\u00bbOptimism\u00a0\u00bb _builder_version=\u00a0\u00bb4.27.4&Prime; _module_preset=\u00a0\u00bbdefault\u00a0\u00bb global_colors_info=\u00a0\u00bb{}\u00a0\u00bb]<\/p>\n<h3>Optimisme<\/h3>\n<p>Nous reconnaissons que de nombreuses communaut\u00e9s sont confront\u00e9es \u00e0 des d\u00e9fis importants, mais nous choisissons d&rsquo;aborder notre travail dans un esprit de possibilit\u00e9. Ce n&rsquo;est pas de la na\u00efvet\u00e9. C&rsquo;est un engagement d\u00e9lib\u00e9r\u00e9 \u00e0 croire qu&rsquo;un changement significatif est r\u00e9alisable. Nous sommes persuad\u00e9\u00b7e\u00b7s que le fait d&rsquo;apporter de la positivit\u00e9 \u00e0 notre travail am\u00e9liore \u00e0 la fois l&rsquo;exp\u00e9rience et les r\u00e9sultats.   <\/p>\n<p>[\/et_pb_text][et_pb_text admin_label=\u00a0\u00bbSelflessness\u00a0\u00bb _builder_version=\u00a0\u00bb4.27.4&Prime; _module_preset=\u00a0\u00bbdefault\u00a0\u00bb global_colors_info=\u00a0\u00bb{}\u00a0\u00bb]<\/p>\n<h3>Altruisme<\/h3>\n<p>Notre travail et nos actions sont guid\u00e9s par les personnes que nous cherchons \u00e0 servir. Nous ne pensons pas \u00e0 leur place, mais nous \u00e9coutons d&rsquo;abord. Ensuite, nous examinons attentivement les possibilit\u00e9s, les impacts potentiels et les risques. Nous ne proc\u00e9dons que si nous pouvons estimer avec certitude que notre travail g\u00e9n\u00e9rera des r\u00e9sultats positifs significatifs sans causer de pr\u00e9judice. En r\u00e9sum\u00e9, nous n&rsquo;agissons que lorsque cela nous est demand\u00e9 et lorsque c&rsquo;est appropri\u00e9.    <\/p>\n<p>[\/et_pb_text][\/et_pb_column][\/et_pb_row][et_pb_row _builder_version=\u00a0\u00bb4.27.4&Prime; _module_preset=\u00a0\u00bbdefault\u00a0\u00bb width=\u00a0\u00bb75%\u00a0\u00bb width_tablet=\u00a0\u00bb75%\u00a0\u00bb width_phone=\u00a0\u00bb98%\u00a0\u00bb width_last_edited=\u00a0\u00bbon|phone\u00a0\u00bb module_alignment=\u00a0\u00bbright\u00a0\u00bb custom_margin=\u00a0\u00bb7rem||||false|false\u00a0\u00bb custom_margin_tablet=\u00a0\u00bb7rem||||false|false\u00a0\u00bb custom_margin_phone=\u00a0\u00bb5rem||||false|false\u00a0\u00bb custom_margin_last_edited=\u00a0\u00bbon|phone\u00a0\u00bb custom_padding=\u00a0\u00bb0px||0px||false|false\u00a0\u00bb global_colors_info=\u00a0\u00bb{}\u00a0\u00bb][et_pb_column type=\u00a0\u00bb4_4&Prime; _builder_version=\u00a0\u00bb4.27.4&Prime; _module_preset=\u00a0\u00bbdefault\u00a0\u00bb global_colors_info=\u00a0\u00bb{}\u00a0\u00bb][et_pb_image src=\u00a0\u00bbhttps:\/\/irma.ac\/wp-content\/uploads\/2025\/09\/About-Us-02-AMP-at-Baccarelli.jpg\u00a0\u00bb title_text=\u00a0\u00bb\u00c0-propos-de-nous-02&#8212;AMP-\u00e0-Baccarelli\u00a0\u00bb force_fullwidth=\u00a0\u00bbon\u00a0\u00bb module_class=\u00a0\u00bbimage-cadre\u00a0\u00bb _builder_version=\u00a0\u00bb4.27.4&Prime; _module_preset=\u00a0\u00bbdefault\u00a0\u00bb global_colors_info=\u00a0\u00bb{}\u00a0\u00bb][\/et_pb_image][\/et_pb_column][\/et_pb_row][\/et_pb_section][et_pb_section fb_built=\u00a0\u00bb1&Prime; admin_label=\u00a0\u00bbEquipe\u00a0\u00bb _builder_version=\u00a0\u00bb4.27.4&Prime; _module_preset=\u00a0\u00bbdefault\u00a0\u00bb background_color=\u00a0\u00bb#7FFFF6&Prime; custom_padding=\u00a0\u00bb5rem||2rem||false|false\u00a0\u00bb collapsed=\u00a0\u00bboff\u00a0\u00bb global_colors_info=\u00a0\u00bb{}\u00a0\u00bb][et_pb_row _builder_version=\u00a0\u00bb4.27.4&Prime; _module_preset=\u00a0\u00bbdefault\u00a0\u00bb global_colors_info=\u00a0\u00bb{}\u00a0\u00bb][et_pb_column type=\u00a0\u00bb4_4&Prime; _builder_version=\u00a0\u00bb4.27.4&Prime; _module_preset=\u00a0\u00bbdefault\u00a0\u00bb global_colors_info=\u00a0\u00bb{}\u00a0\u00bb][et_pb_text _builder_version=\u00a0\u00bb4.27.4&Prime; _module_preset=\u00a0\u00bbdefault\u00a0\u00bb global_colors_info=\u00a0\u00bb{}\u00a0\u00bb]<\/p>\n<h2>Comit\u00e9<\/h2>\n<p>[\/et_pb_text][\/et_pb_column][\/et_pb_row][et_pb_row _builder_version=\u00a0\u00bb4.27.4&Prime; _module_preset=\u00a0\u00bbdefault\u00a0\u00bb custom_margin=\u00a0\u00bb||||false|false\u00a0\u00bb custom_padding=\u00a0\u00bb0px||||false|false\u00a0\u00bb global_colors_info=\u00a0\u00bb{}\u00a0\u00bb][et_pb_column type=\u00a0\u00bb4_4&Prime; _builder_version=\u00a0\u00bb4.27.4&Prime; _module_preset=\u00a0\u00bbdefault\u00a0\u00bb global_colors_info=\u00a0\u00bb{}\u00a0\u00bb][et_pb_text _builder_version=\u00a0\u00bb4.27.4&Prime; _module_preset=\u00a0\u00bbdefault\u00a0\u00bb global_colors_info=\u00a0\u00bb{}\u00a0\u00bb]<\/p>\n<h4>Pr\u00e9sidente<\/h4>\n<p><strong>Stefanie Sch\u00fcpbach<br \/><\/strong>Directrice adjointe du Forum politique de Berne et ancienne directrice g\u00e9n\u00e9rale du Festival du film de Soleure. Elle est titulaire de dipl\u00f4mes en gestion d&rsquo;entreprise et en histoire de l&rsquo;art de l&rsquo;Universit\u00e9 de Berne. <\/p>\n<p>[\/et_pb_text][et_pb_text _builder_version=\u00a0\u00bb4.27.4&Prime; _module_preset=\u00a0\u00bbdefault\u00a0\u00bb global_colors_info=\u00a0\u00bb{}\u00a0\u00bb]<\/p>\n<h4>Vice-pr\u00e9sident<\/h4>\n<p><strong>David Gerber<br \/><\/strong>Chef de projet pour la ville de Vernier, docteur en sciences sociales et actif dans plusieurs associations genevoises. Il joue dans le groupe DOR. <\/p>\n<p>[\/et_pb_text][et_pb_text _builder_version=\u00a0\u00bb4.27.4&Prime; _module_preset=\u00a0\u00bbdefault\u00a0\u00bb global_colors_info=\u00a0\u00bb{}\u00a0\u00bb]<\/p>\n<h4>Secr\u00e9taire<\/h4>\n<p><strong>Elie Burgos<br \/><\/strong>Vice-recteur de l\u2019Universit\u00e9 de Lausanne, docteur en sciences politiques et dipl\u00f4m\u00e9 de la Sa\u00efd Business School (Oxford). Il joue dans le groupe Unfold. <\/p>\n<p>[\/et_pb_text][et_pb_text _builder_version=\u00a0\u00bb4.27.4&Prime; _module_preset=\u00a0\u00bbdefault\u00a0\u00bb hover_enabled=\u00a0\u00bb0&Prime; global_colors_info=\u00a0\u00bb{}\u00a0\u00bb sticky_enabled=\u00a0\u00bb0&Prime;]<\/p>\n<h4>Tr\u00e9sori\u00e8re<\/h4>\n<p><strong>Laetitia Gauchat<br \/><\/strong>Cr\u00e9atrice de contenu audiovisuel chez Das Playground, administratrice culturelle et DJ. Elle est titulaire d\u2019un master en droit, criminalit\u00e9 et s\u00e9curit\u00e9 des nouvelles technologies et a suivi des \u00e9tudes en mus\u00e9ologie. <\/p>\n<p>[\/et_pb_text][et_pb_text _builder_version=\u00a0\u00bb4.27.5&Prime; _module_preset=\u00a0\u00bbdefault\u00a0\u00bb hover_enabled=\u00a0\u00bb0&Prime; global_colors_info=\u00a0\u00bb{}\u00a0\u00bb sticky_enabled=\u00a0\u00bb0&Prime;]<\/p>\n<h4>Charg\u00e9e de communication<\/h4>\n<p><strong>Amarande L\u00e9chot<br \/><\/strong>Responsable de la communication chez Bikini Test et Festi&rsquo;neuch. Elle est titulaire d&rsquo;un master en sciences du langage et de la communication de l&rsquo;Universit\u00e9 de Neuch\u00e2tel. Elle joue dans le groupe Morgoran.  <\/p>\n<p>[\/et_pb_text][\/et_pb_column][\/et_pb_row][et_pb_row column_structure=\u00a0\u00bb1_2,1_2&Prime; _builder_version=\u00a0\u00bb4.27.4&Prime; _module_preset=\u00a0\u00bbdefault\u00a0\u00bb custom_margin=\u00a0\u00bb2rem||||false|false\u00a0\u00bb custom_padding=\u00a0\u00bb||0px||false|false\u00a0\u00bb global_colors_info=\u00a0\u00bb{}\u00a0\u00bb][et_pb_column type=\u00a0\u00bb1_2&Prime; _builder_version=\u00a0\u00bb4.27.4&Prime; _module_preset=\u00a0\u00bbdefault\u00a0\u00bb global_colors_info=\u00a0\u00bb{}\u00a0\u00bb][et_pb_text _builder_version=\u00a0\u00bb4.27.4&Prime; _module_preset=\u00a0\u00bbdefault\u00a0\u00bb global_colors_info=\u00a0\u00bb{}\u00a0\u00bb]<\/p>\n<h2>Employ\u00e9(e)s<\/h2>\n<p>[\/et_pb_text][et_pb_text _builder_version=\u00a0\u00bb4.27.5&Prime; _module_preset=\u00a0\u00bbdefault\u00a0\u00bb custom_margin=\u00a0\u00bb||2rem||false|false\u00a0\u00bb hover_enabled=\u00a0\u00bb0&Prime; global_colors_info=\u00a0\u00bb{}\u00a0\u00bb sticky_enabled=\u00a0\u00bb0&Prime; link_option_url_new_window=\u00a0\u00bbon\u00a0\u00bb]<\/p>\n<h4>Directeur des op\u00e9rations<\/h4>\n<p><strong>Julien Fehlmann<br \/><\/strong>Julien est un expert en ing\u00e9nierie audio et titulaire de dipl\u00f4mes sup\u00e9rieurs en relations internationales et d\u00e9veloppement. Il a fond\u00e9 le studio d&rsquo;enregistrement Studio M\u00e9canique en 2005 et a travaill\u00e9 sur des centaines de productions en studio et en live. <\/p>\n<p>[\/et_pb_text][\/et_pb_column][et_pb_column type=\u00a0\u00bb1_2&Prime; _builder_version=\u00a0\u00bb4.27.4&Prime; _module_preset=\u00a0\u00bbdefault\u00a0\u00bb global_colors_info=\u00a0\u00bb{}\u00a0\u00bb][et_pb_text _builder_version=\u00a0\u00bb4.27.4&Prime; _module_preset=\u00a0\u00bbdefault\u00a0\u00bb global_colors_info=\u00a0\u00bb{}\u00a0\u00bb]<\/p>\n<h2>Contr\u00f4leur financier<\/h2>\n<p>[\/et_pb_text][et_pb_text _builder_version=\u00a0\u00bb4.27.4&Prime; _module_preset=\u00a0\u00bbdefault\u00a0\u00bb global_colors_info=\u00a0\u00bb{}\u00a0\u00bb]<\/p>\n<p><strong>Denis de la Reussille<br \/><\/strong>Conseiller national de 2015 \u00e0 2023 (Parti \u00e9cologiste, Parti suisse du travail), membre de la Commission des affaires \u00e9trang\u00e8res de l&rsquo;Assembl\u00e9e nationale. Il a \u00e9t\u00e9 membre du Grand Conseil neuch\u00e2telois (1999-2015) et maire du Locle (2000-2015). <\/p>\n<p>[\/et_pb_text][\/et_pb_column][\/et_pb_row][\/et_pb_section]<\/p>\n","protected":false},"excerpt":{"rendered":"<p>\u00c0 notre proposMissionNous reconnaissons que les privil\u00e8ges sont r\u00e9partis in\u00e9galement dans le monde et agissons en cons\u00e9quence. Nous mobilisons la musique, les musicien\u00b7ne\u00b7s et la production musicale vers une soci\u00e9t\u00e9 globale plus juste, convaincus que la cr\u00e9ativit\u00e9 peut inspirer un changement social positif. Nous amplifions la cr\u00e9ation artistique pour \u00e9galiser les chances.VisionUn monde o\u00f9 les [&hellip;]<\/p>\n","protected":false},"author":1,"featured_media":0,"parent":0,"menu_order":0,"comment_status":"closed","ping_status":"closed","template":"","meta":{"_et_pb_use_builder":"on","_et_pb_old_content":"","_et_gb_content_width":"","footnotes":""},"dipi_cpt_category":[],"class_list":["post-3292","page","type-page","status-publish","hentry"],"_links":{"self":[{"href":"https:\/\/irma.ac\/fr\/wp-json\/wp\/v2\/pages\/3292","targetHints":{"allow":["GET"]}}],"collection":[{"href":"https:\/\/irma.ac\/fr\/wp-json\/wp\/v2\/pages"}],"about":[{"href":"https:\/\/irma.ac\/fr\/wp-json\/wp\/v2\/types\/page"}],"author":[{"embeddable":true,"href":"https:\/\/irma.ac\/fr\/wp-json\/wp\/v2\/users\/1"}],"replies":[{"embeddable":true,"href":"https:\/\/irma.ac\/fr\/wp-json\/wp\/v2\/comments?post=3292"}],"version-history":[{"count":28,"href":"https:\/\/irma.ac\/fr\/wp-json\/wp\/v2\/pages\/3292\/revisions"}],"predecessor-version":[{"id":6174,"href":"https:\/\/irma.ac\/fr\/wp-json\/wp\/v2\/pages\/3292\/revisions\/6174"}],"wp:attachment":[{"href":"https:\/\/irma.ac\/fr\/wp-json\/wp\/v2\/media?parent=3292"}],"wp:term":[{"taxonomy":"dipi_cpt_category","embeddable":true,"href":"https:\/\/irma.ac\/fr\/wp-json\/wp\/v2\/dipi_cpt_category?post=3292"}],"curies":[{"name":"wp","href":"https:\/\/api.w.org\/{rel}","templated":true}]}}