{"id":3283,"date":"2025-07-17T13:35:14","date_gmt":"2025-07-17T11:35:14","guid":{"rendered":"https:\/\/irma.ac\/faire-un-don\/"},"modified":"2025-12-18T10:16:58","modified_gmt":"2025-12-18T09:16:58","slug":"faire-un-don","status":"publish","type":"page","link":"https:\/\/irma.ac\/fr\/faire-un-don\/","title":{"rendered":"Faire un don"},"content":{"rendered":"<p>[et_pb_section fb_built=\u00a0\u00bb1&Prime; _builder_version=\u00a0\u00bb4.27.4&Prime; _module_preset=\u00a0\u00bbdefault\u00a0\u00bb custom_margin=\u00a0\u00bb2rem||||false|false\u00a0\u00bb global_colors_info=\u00a0\u00bb{}\u00a0\u00bb][et_pb_row _builder_version=\u00a0\u00bb4.27.4&Prime; _module_preset=\u00a0\u00bbdefault\u00a0\u00bb global_colors_info=\u00a0\u00bb{}\u00a0\u00bb][et_pb_column type=\u00a0\u00bb4_4&Prime; _builder_version=\u00a0\u00bb4.27.4&Prime; _module_preset=\u00a0\u00bbdefault\u00a0\u00bb global_colors_info=\u00a0\u00bb{}\u00a0\u00bb][et_pb_text _builder_version=\u00a0\u00bb4.27.4&Prime; _module_preset=\u00a0\u00bbdefault\u00a0\u00bb header_font_size_last_edited=\u00a0\u00bboff|desktop\u00a0\u00bb global_colors_info=\u00a0\u00bb{}\u00a0\u00bb]<\/p>\n<h1>Soutenez-nous<\/h1>\n<p>[\/et_pb_text][\/et_pb_column][\/et_pb_row][\/et_pb_section][et_pb_section fb_built=\u00a0\u00bb1&Prime; _builder_version=\u00a0\u00bb4.27.5&Prime; _module_preset=\u00a0\u00bbdefault\u00a0\u00bb min_height=\u00a0\u00bb40vh\u00a0\u00bb custom_margin=\u00a0\u00bb||2rem||false|false\u00a0\u00bb custom_padding=\u00a0\u00bb||||false|false\u00a0\u00bb global_colors_info=\u00a0\u00bb{}\u00a0\u00bb][et_pb_row _builder_version=\u00a0\u00bb4.27.4&Prime; _module_preset=\u00a0\u00bbdefault\u00a0\u00bb global_colors_info=\u00a0\u00bb{}\u00a0\u00bb][et_pb_column type=\u00a0\u00bb4_4&Prime; _builder_version=\u00a0\u00bb4.27.4&Prime; _module_preset=\u00a0\u00bbdefault\u00a0\u00bb global_colors_info=\u00a0\u00bb{}\u00a0\u00bb][et_pb_text _builder_version=\u00a0\u00bb4.27.5&Prime; _module_preset=\u00a0\u00bb20481be7-2273-4696-9762-3ac21d12901e\u00a0\u00bb global_colors_info=\u00a0\u00bb{}\u00a0\u00bb]<\/p>\n<p>Nous soutenons les artistes et les institutions du monde entier et qui en ont fait la demande. Nous nous attaquons \u00e0 des d\u00e9fis \u00e0 fort potentiel d&rsquo;impact et produisons un impact mesurable. Aidez-nous \u00e0 amplifier la cr\u00e9ation artistique et \u00e0 \u00e9galiser les chances. <\/p>\n<p>Votre don contribue \u00e0 notre succ\u00e8s. <strong>Merci pour votre soutien&nbsp;!<\/strong><\/p>\n<p>IRMA \u2013 International Relations &amp; Music Association<br \/>Chemin des Grillons 5, 2000 Neuch\u00e2tel, Switzerland<strong><\/strong><\/p>\n<p><strong><\/strong><\/p>\n<p>[\/et_pb_text][\/et_pb_column][\/et_pb_row][et_pb_row _builder_version=\u00a0\u00bb4.27.5&Prime; _module_preset=\u00a0\u00bbdefault\u00a0\u00bb custom_margin=\u00a0\u00bb3rem||||false|false\u00a0\u00bb global_colors_info=\u00a0\u00bb{}\u00a0\u00bb][et_pb_column type=\u00a0\u00bb4_4&Prime; _builder_version=\u00a0\u00bb4.27.5&Prime; _module_preset=\u00a0\u00bbdefault\u00a0\u00bb global_colors_info=\u00a0\u00bb{}\u00a0\u00bb][et_pb_text _builder_version=\u00a0\u00bb4.27.5&Prime; _module_preset=\u00a0\u00bb20481be7-2273-4696-9762-3ac21d12901e\u00a0\u00bb global_colors_info=\u00a0\u00bb{}\u00a0\u00bb]<\/p>\n<h3>COORDONN\u00c9ES BANCAIRES<\/h3>\n<p>Banque Cantonale Neuch\u00e2teloise<br \/>Place Pury 4, 2001 Neuch\u00e2tel<br \/><strong>Num\u00e9ro de compte&nbsp;:<\/strong> 1040.91.06.3<br \/><strong>IBAN&nbsp;:<\/strong> CH49 0076 6000 1040 9106 3<br \/><strong>BIC\/SWIFT&nbsp;:<\/strong> BCNNCH22<br \/><strong>Clearing&nbsp;:<\/strong> 766<\/p>\n<p>Veuillez privil\u00e9gier les virements bancaires pour les dons provenant d\u2019Europe, car ils sont gratuits.<\/p>\n<p>[\/et_pb_text][\/et_pb_column][\/et_pb_row][\/et_pb_section][et_pb_section fb_built=\u00a0\u00bb1&Prime; _builder_version=\u00a0\u00bb4.27.5&Prime; _module_preset=\u00a0\u00bbdefault\u00a0\u00bb positioning=\u00a0\u00bbnone\u00a0\u00bb position_origin_a=\u00a0\u00bbtop_center\u00a0\u00bb custom_margin=\u00a0\u00bb5rem||||false|false\u00a0\u00bb custom_padding=\u00a0\u00bb||2rem||false|false\u00a0\u00bb global_colors_info=\u00a0\u00bb{}\u00a0\u00bb][et_pb_row _builder_version=\u00a0\u00bb4.27.4&Prime; _module_preset=\u00a0\u00bbdefault\u00a0\u00bb position_origin_a=\u00a0\u00bbcenter_center\u00a0\u00bb global_colors_info=\u00a0\u00bb{}\u00a0\u00bb][et_pb_column type=\u00a0\u00bb4_4&Prime; _builder_version=\u00a0\u00bb4.27.4&Prime; _module_preset=\u00a0\u00bbdefault\u00a0\u00bb global_colors_info=\u00a0\u00bb{}\u00a0\u00bb][et_pb_image src=\u00a0\u00bbhttps:\/\/irma.ac\/wp-content\/uploads\/2025\/07\/twint-custom-eng_orig.png\u00a0\u00bb title_text=\u00a0\u00bbtwint-custom-eng_orig\u00a0\u00bb align=\u00a0\u00bbcenter\u00a0\u00bb _builder_version=\u00a0\u00bb4.27.4&Prime; _module_preset=\u00a0\u00bbdefault\u00a0\u00bb global_colors_info=\u00a0\u00bb{}\u00a0\u00bb][\/et_pb_image][\/et_pb_column][\/et_pb_row][\/et_pb_section]<\/p>\n","protected":false},"excerpt":{"rendered":"<p>Soutenez-nousNous soutenons les artistes et les institutions du monde entier et qui en ont fait la demande. Nous nous attaquons \u00e0 des d\u00e9fis \u00e0 fort potentiel d&rsquo;impact et produisons un impact mesurable. Aidez-nous \u00e0 amplifier la cr\u00e9ation artistique et \u00e0 \u00e9galiser les chances. Votre don contribue \u00e0 notre succ\u00e8s. Merci pour votre soutien&nbsp;! IRMA \u2013 [&hellip;]<\/p>\n","protected":false},"author":1,"featured_media":0,"parent":0,"menu_order":0,"comment_status":"closed","ping_status":"closed","template":"","meta":{"_et_pb_use_builder":"on","_et_pb_old_content":"","_et_gb_content_width":"","footnotes":""},"dipi_cpt_category":[],"class_list":["post-3283","page","type-page","status-publish","hentry"],"_links":{"self":[{"href":"https:\/\/irma.ac\/fr\/wp-json\/wp\/v2\/pages\/3283","targetHints":{"allow":["GET"]}}],"collection":[{"href":"https:\/\/irma.ac\/fr\/wp-json\/wp\/v2\/pages"}],"about":[{"href":"https:\/\/irma.ac\/fr\/wp-json\/wp\/v2\/types\/page"}],"author":[{"embeddable":true,"href":"https:\/\/irma.ac\/fr\/wp-json\/wp\/v2\/users\/1"}],"replies":[{"embeddable":true,"href":"https:\/\/irma.ac\/fr\/wp-json\/wp\/v2\/comments?post=3283"}],"version-history":[{"count":13,"href":"https:\/\/irma.ac\/fr\/wp-json\/wp\/v2\/pages\/3283\/revisions"}],"predecessor-version":[{"id":3633,"href":"https:\/\/irma.ac\/fr\/wp-json\/wp\/v2\/pages\/3283\/revisions\/3633"}],"wp:attachment":[{"href":"https:\/\/irma.ac\/fr\/wp-json\/wp\/v2\/media?parent=3283"}],"wp:term":[{"taxonomy":"dipi_cpt_category","embeddable":true,"href":"https:\/\/irma.ac\/fr\/wp-json\/wp\/v2\/dipi_cpt_category?post=3283"}],"curies":[{"name":"wp","href":"https:\/\/api.w.org\/{rel}","templated":true}]}}