{"id":3266,"date":"2025-11-28T14:22:46","date_gmt":"2025-11-28T13:22:46","guid":{"rendered":"https:\/\/irma.ac\/amp-amplifier-les-perspectives-des-musiciens\/"},"modified":"2026-01-21T09:43:39","modified_gmt":"2026-01-21T08:43:39","slug":"amp-amplifier-les-perspectives-des-musiciens","status":"publish","type":"page","link":"https:\/\/irma.ac\/fr\/notre-travail\/amp-amplifier-les-perspectives-des-musiciens\/","title":{"rendered":"AMP : Amplifier les perspectives des musicien\u00b7ne\u00b7s"},"content":{"rendered":"<p>[et_pb_section fb_built=\u00a0\u00bb1&Prime; admin_label=\u00a0\u00bbIntro\u00a0\u00bb _builder_version=\u00a0\u00bb4.27.4&Prime; _module_preset=\u00a0\u00bbdefault\u00a0\u00bb custom_margin=\u00a0\u00bb2rem||||false|false\u00a0\u00bb global_colors_info=\u00a0\u00bb{}\u00a0\u00bb][et_pb_row column_structure=\u00a0\u00bb2_5,3_5&Prime; _builder_version=\u00a0\u00bb4.27.4&Prime; _module_preset=\u00a0\u00bbdefault\u00a0\u00bb custom_margin=\u00a0\u00bb||||false|false\u00a0\u00bb custom_padding=\u00a0\u00bb||3rem||false|false\u00a0\u00bb global_colors_info=\u00a0\u00bb{}\u00a0\u00bb][et_pb_column type=\u00a0\u00bb2_5&Prime; _builder_version=\u00a0\u00bb4.27.4&Prime; _module_preset=\u00a0\u00bbdefault\u00a0\u00bb global_colors_info=\u00a0\u00bb{}\u00a0\u00bb][et_pb_text _builder_version=\u00a0\u00bb4.27.5&Prime; _module_preset=\u00a0\u00bbdefault\u00a0\u00bb global_colors_info=\u00a0\u00bb{}\u00a0\u00bb]<\/p>\n<h1>AMP : <br \/>Amplifier les perspectives des musicien\u00b7ne\u00b7s<\/h1>\n<p>[\/et_pb_text][\/et_pb_column][et_pb_column type=\u00a0\u00bb3_5&Prime; _builder_version=\u00a0\u00bb4.27.4&Prime; _module_preset=\u00a0\u00bbdefault\u00a0\u00bb global_colors_info=\u00a0\u00bb{}\u00a0\u00bb][et_pb_text _builder_version=\u00a0\u00bb4.27.4&Prime; _module_preset=\u00a0\u00bbdefault\u00a0\u00bb global_colors_info=\u00a0\u00bb{}\u00a0\u00bb]<\/p>\n<p>Les \u00e9coles de musique peuvent transformer des vies. Elles forment les garant\u00b7e\u00b7s de la culture dans le monde entier. Outre la musique, elles offrent aux \u00e9tudiant\u00b7e\u00b7s des espaces s\u00fbrs pour forger de nouvelles perspectives, des amiti\u00e9s et des comp\u00e9tences sociales.  <\/p>\n<p>Mais lorsque de jeunes musicien\u00b7ne\u00b7s entrent dans l\u2019industrie musicale en tant que professionnel\u00b7le\u00b7s, beaucoup ont du mal \u00e0 joindre les deux bouts. Pour trouver du travail, ils et elles doivent mettre en valeur leur talent, produire du contenu et en faire la promotion. En somme, ils et elles doivent devenir des entrepreneur\u00b7e\u00b7s. Malheureusement, la plupart des \u00e9coles de musique n\u2019enseignent pas ces comp\u00e9tences.    <\/p>\n<p>Notre programme de renforcement des capacit\u00e9s <strong>AMP<\/strong> est une r\u00e9ponse \u00e0 cela. Il s&rsquo;agit d&rsquo;un programme \u00e9ducatif acc\u00e9l\u00e9r\u00e9 en production et en promotion musicales qui peut \u00eatre compl\u00e9t\u00e9 avec seulement un smartphone. <strong>AMP<\/strong> couvre tous les aspects essentiels pour prosp\u00e9rer dans l\u2019industrie musicale, de la production audio\/vid\u00e9o \u00e0 la promotion, la sant\u00e9 (mentale) et la gestion de carri\u00e8re. Il compl\u00e8te le travail essentiel fourni par les \u00e9coles de musique en aidant leurs \u00e9tudiant\u00b7e\u00b7s \u00e0 lancer leur parcours professionnel.  <\/p>\n<p>[\/et_pb_text][\/et_pb_column][\/et_pb_row][et_pb_row _builder_version=\u00a0\u00bb4.27.4&Prime; _module_preset=\u00a0\u00bbdefault\u00a0\u00bb custom_margin=\u00a0\u00bb||||false|false\u00a0\u00bb custom_padding=\u00a0\u00bb||3rem||false|false\u00a0\u00bb global_colors_info=\u00a0\u00bb{}\u00a0\u00bb][et_pb_column type=\u00a0\u00bb4_4&Prime; _builder_version=\u00a0\u00bb4.27.4&Prime; _module_preset=\u00a0\u00bbdefault\u00a0\u00bb global_colors_info=\u00a0\u00bb{}\u00a0\u00bb][et_pb_video src=\u00a0\u00bbhttps:\/\/irma.ac\/wp-content\/uploads\/2025\/10\/IRMA-promo-video-2026.mov\u00a0\u00bb image_src=\u00a0\u00bbhttps:\/\/irma.ac\/wp-content\/uploads\/2025\/11\/Thumbnail-scaled.png\u00a0\u00bb _builder_version=\u00a0\u00bb4.27.5&Prime; _module_preset=\u00a0\u00bbdefault\u00a0\u00bb global_colors_info=\u00a0\u00bb{}\u00a0\u00bb][\/et_pb_video][\/et_pb_column][\/et_pb_row][\/et_pb_section][et_pb_section fb_built=\u00a0\u00bb1&Prime; admin_label=\u00a0\u00bbAMP is\u00a0\u00bb _builder_version=\u00a0\u00bb4.27.4&Prime; _module_preset=\u00a0\u00bbdefault\u00a0\u00bb custom_margin=\u00a0\u00bb0px||||false|false\u00a0\u00bb custom_padding=\u00a0\u00bb0px||0px||false|false\u00a0\u00bb global_colors_info=\u00a0\u00bb{}\u00a0\u00bb][et_pb_row column_structure=\u00a0\u00bb2_5,3_5&Prime; _builder_version=\u00a0\u00bb4.27.4&Prime; _module_preset=\u00a0\u00bbdefault\u00a0\u00bb custom_padding=\u00a0\u00bb||3rem||false|false\u00a0\u00bb global_colors_info=\u00a0\u00bb{}\u00a0\u00bb][et_pb_column type=\u00a0\u00bb2_5&Prime; _builder_version=\u00a0\u00bb4.27.4&Prime; _module_preset=\u00a0\u00bbdefault\u00a0\u00bb global_colors_info=\u00a0\u00bb{}\u00a0\u00bb][et_pb_text _builder_version=\u00a0\u00bb4.27.4&Prime; _module_preset=\u00a0\u00bbdefault\u00a0\u00bb global_colors_info=\u00a0\u00bb{}\u00a0\u00bb]<\/p>\n<h2>AMP est<\/h2>\n<p>[\/et_pb_text][\/et_pb_column][et_pb_column type=\u00a0\u00bb3_5&Prime; _builder_version=\u00a0\u00bb4.27.4&Prime; _module_preset=\u00a0\u00bbdefault\u00a0\u00bb global_colors_info=\u00a0\u00bb{}\u00a0\u00bb][et_pb_text _builder_version=\u00a0\u00bb4.27.5&Prime; _module_preset=\u00a0\u00bb20481be7-2273-4696-9762-3ac21d12901e\u00a0\u00bb global_colors_info=\u00a0\u00bb{}\u00a0\u00bb]<\/p>\n<p><strong>Accessible<\/strong> : Il d\u00e9fie les barri\u00e8res financi\u00e8res qui emp\u00eachent les artistes d\u2019entrer dans le monde de la production musicale, en utilisant des solutions mobiles gratuites sans compromis.<\/p>\n<p><strong>Habilitant<\/strong> : C\u2019est un parcours \u00e9tape par \u00e9tape vers l\u2019ind\u00e9pendance. Avec AMP, les \u00e9tudiant\u00b7e\u00b7s apprennent \u00e0 produire du contenu audio et vid\u00e9o et \u00e0 en faire la promotion. <\/p>\n<p><strong>Actionnable<\/strong> : Il se concentre sur le d\u00e9veloppement des comp\u00e9tences afin d\u2019\u00e9largir les possibilit\u00e9s de carri\u00e8re. Le programme offre une formation pratique et des ressources pour une exploration plus approfondie. <\/p>\n<p>[\/et_pb_text][\/et_pb_column][\/et_pb_row][\/et_pb_section][et_pb_section fb_built=\u00a0\u00bb1&Prime; _builder_version=\u00a0\u00bb4.27.4&Prime; _module_preset=\u00a0\u00bbdefault\u00a0\u00bb custom_padding=\u00a0\u00bb0px||||false|false\u00a0\u00bb global_colors_info=\u00a0\u00bb{}\u00a0\u00bb][et_pb_row column_structure=\u00a0\u00bb2_5,3_5&Prime; _builder_version=\u00a0\u00bb4.27.4&Prime; _module_preset=\u00a0\u00bbdefault\u00a0\u00bb custom_margin=\u00a0\u00bb||||false|false\u00a0\u00bb custom_padding=\u00a0\u00bb||3rem||false|false\u00a0\u00bb global_colors_info=\u00a0\u00bb{}\u00a0\u00bb][et_pb_column type=\u00a0\u00bb2_5&Prime; _builder_version=\u00a0\u00bb4.27.4&Prime; _module_preset=\u00a0\u00bbdefault\u00a0\u00bb global_colors_info=\u00a0\u00bb{}\u00a0\u00bb][et_pb_text _builder_version=\u00a0\u00bb4.27.4&Prime; _module_preset=\u00a0\u00bbdefault\u00a0\u00bb global_colors_info=\u00a0\u00bb{}\u00a0\u00bb]<\/p>\n<h2>Impact<\/h2>\n<p>[\/et_pb_text][\/et_pb_column][et_pb_column type=\u00a0\u00bb3_5&Prime; _builder_version=\u00a0\u00bb4.27.4&Prime; _module_preset=\u00a0\u00bbdefault\u00a0\u00bb position_origin_a=\u00a0\u00bbcenter_right\u00a0\u00bb position_origin_a_tablet=\u00a0\u00bbcenter_right\u00a0\u00bb position_origin_a_phone=\u00a0\u00bbcenter_right\u00a0\u00bb position_origin_a_last_edited=\u00a0\u00bboff|desktop\u00a0\u00bb position_origin_f_last_edited=\u00a0\u00bboff|desktop\u00a0\u00bb position_origin_r_last_edited=\u00a0\u00bboff|desktop\u00a0\u00bb positioning_tablet=\u00a0\u00bbnone\u00a0\u00bb positioning_phone=\u00a0\u00bbnone\u00a0\u00bb positioning_last_edited=\u00a0\u00bboff|desktop\u00a0\u00bb global_colors_info=\u00a0\u00bb{}\u00a0\u00bb][et_pb_text _builder_version=\u00a0\u00bb4.27.5&Prime; _module_preset=\u00a0\u00bb20481be7-2273-4696-9762-3ac21d12901e\u00a0\u00bb global_colors_info=\u00a0\u00bb{}\u00a0\u00bb]<\/p>\n<p>La recherche, <a href=\"\/resources\/\" target=\"_blank\" rel=\"noopener\">y compris la n\u00f4tre<\/a>, d\u00e9montre que la formation \u00e0 la production musicale offre de multiples avantages, notamment :<\/p>\n<p><strong>Am\u00e9lioration des performances<\/strong> : les comp\u00e9tences en production musicale enrichissent l\u2019\u00e9ducation musicale en permettant aux artistes d\u2019examiner et d\u2019affiner leur art.<\/p>\n<p><strong>Renforcement de la communication<\/strong> : une confiance accrue dans la production de contenu augmente l&rsquo;impact artistique et de communication des musicien\u00b7ne\u00b7s.<\/p>\n<p><strong>Perspectives professionnelles accrues<\/strong> : Les comp\u00e9tences en production musicale ouvrent des voies professionnelles au-del\u00e0 de la performance, y compris la production audiovisuelle, la communication et le marketing.<\/p>\n<p>[\/et_pb_text][\/et_pb_column][\/et_pb_row][\/et_pb_section][et_pb_section fb_built=\u00a0\u00bb1&Prime; _builder_version=\u00a0\u00bb4.27.4&Prime; _module_preset=\u00a0\u00bbdefault\u00a0\u00bb background_color=\u00a0\u00bb#F1FF30&Prime; custom_padding=\u00a0\u00bb4rem||4rem||false|false\u00a0\u00bb global_colors_info=\u00a0\u00bb{}\u00a0\u00bb][et_pb_row _builder_version=\u00a0\u00bb4.27.4&Prime; _module_preset=\u00a0\u00bbdefault\u00a0\u00bb custom_margin=\u00a0\u00bb||||false|false\u00a0\u00bb custom_padding=\u00a0\u00bb0px||0px||false|false\u00a0\u00bb global_colors_info=\u00a0\u00bb{}\u00a0\u00bb][et_pb_column type=\u00a0\u00bb4_4&Prime; _builder_version=\u00a0\u00bb4.27.4&Prime; _module_preset=\u00a0\u00bbdefault\u00a0\u00bb global_colors_info=\u00a0\u00bb{}\u00a0\u00bb][et_pb_text _builder_version=\u00a0\u00bb4.27.5&Prime; _module_preset=\u00a0\u00bb20481be7-2273-4696-9762-3ac21d12901e\u00a0\u00bb text_orientation=\u00a0\u00bbcenter\u00a0\u00bb locked=\u00a0\u00bboff\u00a0\u00bb global_colors_info=\u00a0\u00bb{}\u00a0\u00bb]<\/p>\n<p>Parmi les participant\u00b7e\u00b7s au projet pilote <strong>AMP<\/strong> \u00e0 S\u00e3o Paulo :<\/p>\n<p>[\/et_pb_text][\/et_pb_column][\/et_pb_row][et_pb_row column_structure=\u00a0\u00bb1_4,1_4,1_4,1_4&Prime; _builder_version=\u00a0\u00bb4.27.5&Prime; _module_preset=\u00a0\u00bbdefault\u00a0\u00bb custom_padding=\u00a0\u00bb50px||||false|false\u00a0\u00bb global_colors_info=\u00a0\u00bb{}\u00a0\u00bb][et_pb_column type=\u00a0\u00bb1_4&Prime; _builder_version=\u00a0\u00bb4.27.4&Prime; _module_preset=\u00a0\u00bbdefault\u00a0\u00bb global_colors_info=\u00a0\u00bb{}\u00a0\u00bb][dipi_counter count_circle_percent=\u00a0\u00bb100&Prime; count_to_number=\u00a0\u00bb100&Prime; _builder_version=\u00a0\u00bb4.27.4&Prime; _module_preset=\u00a0\u00bbcbdb5513-9fae-474f-b857-1cbbdfdd56c4&Prime; all_font_size=\u00a0\u00bb3em\u00a0\u00bb global_colors_info=\u00a0\u00bb{}\u00a0\u00bb][\/dipi_counter][et_pb_text _builder_version=\u00a0\u00bb4.27.5&Prime; _module_preset=\u00a0\u00bbdefault\u00a0\u00bb text_orientation=\u00a0\u00bbcenter\u00a0\u00bb global_colors_info=\u00a0\u00bb{}\u00a0\u00bb]<\/p>\n<p>Acquisition de nouvelles perspectives de carri\u00e8re<\/p>\n<p>[\/et_pb_text][\/et_pb_column][et_pb_column type=\u00a0\u00bb1_4&Prime; _builder_version=\u00a0\u00bb4.27.4&Prime; _module_preset=\u00a0\u00bbdefault\u00a0\u00bb global_colors_info=\u00a0\u00bb{}\u00a0\u00bb][dipi_counter count_circle_percent=\u00a0\u00bb82&Prime; count_to_number=\u00a0\u00bb82&Prime; _builder_version=\u00a0\u00bb4.27.4&Prime; _module_preset=\u00a0\u00bbcbdb5513-9fae-474f-b857-1cbbdfdd56c4&Prime; all_font_size=\u00a0\u00bb3em\u00a0\u00bb global_colors_info=\u00a0\u00bb{}\u00a0\u00bb][\/dipi_counter][et_pb_text _builder_version=\u00a0\u00bb4.27.5&Prime; _module_preset=\u00a0\u00bbdefault\u00a0\u00bb text_orientation=\u00a0\u00bbcenter\u00a0\u00bb global_colors_info=\u00a0\u00bb{}\u00a0\u00bb]<\/p>\n<p>Utilisation de nouvelles comp\u00e9tences professionnelles dans les 6 mois<\/p>\n<p>[\/et_pb_text][\/et_pb_column][et_pb_column type=\u00a0\u00bb1_4&Prime; _builder_version=\u00a0\u00bb4.27.4&Prime; _module_preset=\u00a0\u00bbdefault\u00a0\u00bb global_colors_info=\u00a0\u00bb{}\u00a0\u00bb][dipi_counter _builder_version=\u00a0\u00bb4.27.4&Prime; _module_preset=\u00a0\u00bbcbdb5513-9fae-474f-b857-1cbbdfdd56c4&Prime; all_font_size=\u00a0\u00bb3em\u00a0\u00bb global_colors_info=\u00a0\u00bb{}\u00a0\u00bb][\/dipi_counter][et_pb_text _builder_version=\u00a0\u00bb4.27.5&Prime; _module_preset=\u00a0\u00bbdefault\u00a0\u00bb text_orientation=\u00a0\u00bbcenter\u00a0\u00bb global_colors_info=\u00a0\u00bb{}\u00a0\u00bb]<\/p>\n<p>Sentiment de renforcement en tant qu\u2019artiste<\/p>\n<p>[\/et_pb_text][\/et_pb_column][et_pb_column type=\u00a0\u00bb1_4&Prime; _builder_version=\u00a0\u00bb4.27.4&Prime; _module_preset=\u00a0\u00bbdefault\u00a0\u00bb global_colors_info=\u00a0\u00bb{}\u00a0\u00bb][dipi_counter count_circle_percent=\u00a0\u00bb100&Prime; count_to_number=\u00a0\u00bb100&Prime; _builder_version=\u00a0\u00bb4.27.4&Prime; _module_preset=\u00a0\u00bbcbdb5513-9fae-474f-b857-1cbbdfdd56c4&Prime; all_font_size=\u00a0\u00bb3em\u00a0\u00bb global_colors_info=\u00a0\u00bb{}\u00a0\u00bb][\/dipi_counter][et_pb_text _builder_version=\u00a0\u00bb4.27.5&Prime; _module_preset=\u00a0\u00bbdefault\u00a0\u00bb text_orientation=\u00a0\u00bbcenter\u00a0\u00bb global_colors_info=\u00a0\u00bb{}\u00a0\u00bb]<\/p>\n<p>Recommanderaient le programme \u00e0 un ami<\/p>\n<p>[\/et_pb_text][\/et_pb_column][\/et_pb_row][\/et_pb_section][et_pb_section fb_built=\u00a0\u00bb1&Prime; custom_padding_last_edited=\u00a0\u00bbon|desktop\u00a0\u00bb _builder_version=\u00a0\u00bb4.27.4&Prime; _module_preset=\u00a0\u00bbdefault\u00a0\u00bb custom_padding=\u00a0\u00bb4rem||2rem||false|false\u00a0\u00bb custom_padding_tablet=\u00a0\u00bb||0rem||false|false\u00a0\u00bb custom_padding_phone=\u00a0\u00bb||0rem||false|false\u00a0\u00bb global_colors_info=\u00a0\u00bb{}\u00a0\u00bb][et_pb_row _builder_version=\u00a0\u00bb4.27.4&Prime; _module_preset=\u00a0\u00bbdefault\u00a0\u00bb global_colors_info=\u00a0\u00bb{}\u00a0\u00bb][et_pb_column type=\u00a0\u00bb4_4&Prime; _builder_version=\u00a0\u00bb4.27.4&Prime; _module_preset=\u00a0\u00bbdefault\u00a0\u00bb global_colors_info=\u00a0\u00bb{}\u00a0\u00bb][et_pb_text _builder_version=\u00a0\u00bb4.27.4&Prime; _module_preset=\u00a0\u00bbdefault\u00a0\u00bb global_colors_info=\u00a0\u00bb{}\u00a0\u00bb]<\/p>\n<h3>Ce que les participant\u00b7e\u00b7s \u00e0 notre projet pilote AMP \u00e0 S\u00e3o Paulo en ont pens\u00e9 :<\/h3>\n<p>[\/et_pb_text][\/et_pb_column][\/et_pb_row][et_pb_row disabled_on=\u00a0\u00bboff|off|off\u00a0\u00bb _builder_version=\u00a0\u00bb4.27.4&Prime; _module_preset=\u00a0\u00bbdefault\u00a0\u00bb custom_margin=\u00a0\u00bb||||false|false\u00a0\u00bb custom_padding=\u00a0\u00bb||0px||false|false\u00a0\u00bb global_colors_info=\u00a0\u00bb{}\u00a0\u00bb][et_pb_column type=\u00a0\u00bb4_4&Prime; _builder_version=\u00a0\u00bb4.27.4&Prime; _module_preset=\u00a0\u00bbdefault\u00a0\u00bb global_colors_info=\u00a0\u00bb{}\u00a0\u00bb][dipi_testimonial item_align=\u00a0\u00bbleft\u00a0\u00bb use_hide_img=\u00a0\u00bbon\u00a0\u00bb use_hide_rating=\u00a0\u00bbon\u00a0\u00bb use_hide_readmore=\u00a0\u00bbon\u00a0\u00bb review_length=\u00a0\u00bb500&Prime; orderby=\u00a0\u00bbtitle_asc\u00a0\u00bb review_type=\u00a0\u00bboff|off|off|off\u00a0\u00bb testimonial_categories=\u00a0\u00bb29&Prime; testimonial_suppress_filters=\u00a0\u00bboff\u00a0\u00bb use_show_popup_rating=\u00a0\u00bboff\u00a0\u00bb use_show_popup_review=\u00a0\u00bboff\u00a0\u00bb use_show_popup_image=\u00a0\u00bboff\u00a0\u00bb use_show_popup_company=\u00a0\u00bboff\u00a0\u00bb use_show_popup_name=\u00a0\u00bboff\u00a0\u00bb columns=\u00a0\u00bb2&Prime; container_padding=\u00a0\u00bb30px|30px|30px|30px|false|false\u00a0\u00bb loop=\u00a0\u00bbon\u00a0\u00bb navigation=\u00a0\u00bbon\u00a0\u00bb pagination=\u00a0\u00bbon\u00a0\u00bb use_navi_prev_icon=\u00a0\u00bbon\u00a0\u00bb navi_prev_icon=\u00a0\u00bb&#x34;||divi||400&Prime; use_navi_next_icon=\u00a0\u00bbon\u00a0\u00bb navi_next_icon=\u00a0\u00bb&#x35;||divi||400&Prime; pagi_position=\u00a0\u00bb10&Prime; pagi_color=\u00a0\u00bbrgba(0,7,73,0.6)\u00a0\u00bb columns_tablet=\u00a0\u00bb1&Prime; columns_phone=\u00a0\u00bb1&Prime; columns_last_edited=\u00a0\u00bbon|phone\u00a0\u00bb navi_position_left_tablet=\u00a0\u00bb-30&Prime; navi_position_left_phone=\u00a0\u00bb-18&Prime; navi_position_left_last_edited=\u00a0\u00bbon|tablet\u00a0\u00bb navi_position_right_tablet=\u00a0\u00bb-30&Prime; navi_position_right_phone=\u00a0\u00bb-18&Prime; navi_position_right_last_edited=\u00a0\u00bbon|phone\u00a0\u00bb _builder_version=\u00a0\u00bb4.27.5&Prime; _module_preset=\u00a0\u00bbdefault\u00a0\u00bb testimonial_text_font=\u00a0\u00bb||on||||||\u00a0\u00bb testimonial_text_font_size=\u00a0\u00bb1.5rem\u00a0\u00bb testimonial_text_line_height=\u00a0\u00bb1.35em\u00a0\u00bb locked=\u00a0\u00bboff\u00a0\u00bb global_colors_info=\u00a0\u00bb{}\u00a0\u00bb][\/dipi_testimonial][\/et_pb_column][\/et_pb_row][\/et_pb_section][et_pb_section fb_built=\u00a0\u00bb1&Prime; _builder_version=\u00a0\u00bb4.27.4&Prime; _module_preset=\u00a0\u00bbdefault\u00a0\u00bb background_color=\u00a0\u00bb#7FFFF6&Prime; custom_padding=\u00a0\u00bb3rem||3rem||false|false\u00a0\u00bb global_colors_info=\u00a0\u00bb{}\u00a0\u00bb][et_pb_row column_structure=\u00a0\u00bb2_5,3_5&Prime; module_class=\u00a0\u00bbmiddle\u00a0\u00bb _builder_version=\u00a0\u00bb4.27.4&Prime; _module_preset=\u00a0\u00bbdefault\u00a0\u00bb global_colors_info=\u00a0\u00bb{}\u00a0\u00bb][et_pb_column type=\u00a0\u00bb2_5&Prime; _builder_version=\u00a0\u00bb4.27.4&Prime; _module_preset=\u00a0\u00bbdefault\u00a0\u00bb global_colors_info=\u00a0\u00bb{}\u00a0\u00bb][et_pb_text _builder_version=\u00a0\u00bb4.27.5&Prime; _module_preset=\u00a0\u00bbdefault\u00a0\u00bb global_colors_info=\u00a0\u00bb{}\u00a0\u00bb]<\/p>\n<h3>AMP a \u00e9t\u00e9 test\u00e9 avec succ\u00e8s en&nbsp;2024 en collaboration avec&nbsp;:<\/h3>\n<p>[\/et_pb_text][\/et_pb_column][et_pb_column type=\u00a0\u00bb3_5&Prime; _builder_version=\u00a0\u00bb4.27.4&Prime; _module_preset=\u00a0\u00bbdefault\u00a0\u00bb global_colors_info=\u00a0\u00bb{}\u00a0\u00bb][dipi_masonry_gallery gallery_ids=\u00a0\u00bb2394,2395&Prime; use_media_link=\u00a0\u00bbon\u00a0\u00bb columns=\u00a0\u00bb2&Prime; columns_tablet=\u00a0\u00bb2&Prime; columns_phone=\u00a0\u00bb1&Prime; columns_last_edited=\u00a0\u00bbon|tablet\u00a0\u00bb _builder_version=\u00a0\u00bb4.27.5&Prime; _module_preset=\u00a0\u00bbdefault\u00a0\u00bb custom_margin=\u00a0\u00bb0px||||false|false\u00a0\u00bb custom_padding=\u00a0\u00bb||40px||false|false\u00a0\u00bb global_colors_info=\u00a0\u00bb{}\u00a0\u00bb][\/dipi_masonry_gallery][\/et_pb_column][\/et_pb_row][\/et_pb_section][et_pb_section fb_built=\u00a0\u00bb1&Prime; _builder_version=\u00a0\u00bb4.27.4&Prime; _module_preset=\u00a0\u00bbdefault\u00a0\u00bb custom_padding=\u00a0\u00bb3rem||3rem||false|false\u00a0\u00bb global_colors_info=\u00a0\u00bb{}\u00a0\u00bb][et_pb_row column_structure=\u00a0\u00bb1_2,1_2&Prime; module_class=\u00a0\u00bbmiddle\u00a0\u00bb _builder_version=\u00a0\u00bb4.27.4&Prime; _module_preset=\u00a0\u00bbdefault\u00a0\u00bb global_colors_info=\u00a0\u00bb{}\u00a0\u00bb][et_pb_column type=\u00a0\u00bb1_2&Prime; _builder_version=\u00a0\u00bb4.27.4&Prime; _module_preset=\u00a0\u00bbdefault\u00a0\u00bb global_colors_info=\u00a0\u00bb{}\u00a0\u00bb][et_pb_image src=\u00a0\u00bbhttps:\/\/irma.ac\/wp-content\/uploads\/2025\/11\/Vignette_PROJECT-REPORT-AMP-SAO-PAULO-2024-Public.jpg\u00a0\u00bb title_text=\u00a0\u00bbVignette_PROJECT-REPORT-AMP-SAO-PAULO-2024-Public\u00a0\u00bb url=\u00a0\u00bb@ET-DC@eyJkeW5hbWljIjp0cnVlLCJjb250ZW50IjoicG9zdF9saW5rX3VybF9hdHRhY2htZW50Iiwic2V0dGluZ3MiOnsicG9zdF9pZCI6IjI2MjEifX0=@\u00a0\u00bb url_new_window=\u00a0\u00bbon\u00a0\u00bb module_class=\u00a0\u00bbimage-cadre-var zoom-hover\u00a0\u00bb _builder_version=\u00a0\u00bb4.27.5&Prime; _dynamic_attributes=\u00a0\u00bburl\u00a0\u00bb _module_preset=\u00a0\u00bbdefault\u00a0\u00bb global_colors_info=\u00a0\u00bb{}\u00a0\u00bb][\/et_pb_image][\/et_pb_column][et_pb_column type=\u00a0\u00bb1_2&Prime; _builder_version=\u00a0\u00bb4.27.4&Prime; _module_preset=\u00a0\u00bbdefault\u00a0\u00bb global_colors_info=\u00a0\u00bb{}\u00a0\u00bb][et_pb_text _builder_version=\u00a0\u00bb4.27.5&Prime; _module_preset=\u00a0\u00bb20481be7-2273-4696-9762-3ac21d12901e\u00a0\u00bb text_orientation_tablet=\u00a0\u00bbcenter\u00a0\u00bb text_orientation_phone=\u00a0\u00bbcenter\u00a0\u00bb text_orientation_last_edited=\u00a0\u00bbon|phone\u00a0\u00bb global_colors_info=\u00a0\u00bb{}\u00a0\u00bb]<\/p>\n<p>Rapport sur le projet pilote 2024 d\u2019AMP \u00e0 S\u00e3o Paulo.<\/p>\n<p>[\/et_pb_text][\/et_pb_column][\/et_pb_row][et_pb_row _builder_version=\u00a0\u00bb4.27.4&Prime; _module_preset=\u00a0\u00bbdefault\u00a0\u00bb custom_padding=\u00a0\u00bb5rem||||false|false\u00a0\u00bb global_colors_info=\u00a0\u00bb{}\u00a0\u00bb][et_pb_column type=\u00a0\u00bb4_4&Prime; _builder_version=\u00a0\u00bb4.27.4&Prime; _module_preset=\u00a0\u00bbdefault\u00a0\u00bb global_colors_info=\u00a0\u00bb{}\u00a0\u00bb][et_pb_text _builder_version=\u00a0\u00bb4.27.5&Prime; _module_preset=\u00a0\u00bbdefault\u00a0\u00bb header_4_text_align=\u00a0\u00bbcenter\u00a0\u00bb header_4_font_size=\u00a0\u00bb2.2vh\u00a0\u00bb hover_enabled=\u00a0\u00bb0&Prime; global_colors_info=\u00a0\u00bb{}\u00a0\u00bb sticky_enabled=\u00a0\u00bb0&Prime;]<\/p>\n<p>&nbsp;<\/p>\n<h4>D\u00e9couvrez le projet pilote et ses r\u00e9sultats.<\/h4>\n<p>[\/et_pb_text][et_pb_button button_url=\u00a0\u00bb@ET-DC@eyJkeW5hbWljIjp0cnVlLCJjb250ZW50IjoicG9zdF9saW5rX3VybF9wYWdlIiwic2V0dGluZ3MiOnsicG9zdF9pZCI6IjUxOCJ9fQ==@\u00a0\u00bb button_text=\u00a0\u00bbVoir\u00a0\u00bb button_alignment=\u00a0\u00bbcenter\u00a0\u00bb _builder_version=\u00a0\u00bb4.27.4&Prime; _dynamic_attributes=\u00a0\u00bbbutton_url\u00a0\u00bb _module_preset=\u00a0\u00bb090a9174-c0ce-4f3a-9897-8c3a69069ef9&Prime; global_colors_info=\u00a0\u00bb{}\u00a0\u00bb][\/et_pb_button][\/et_pb_column][\/et_pb_row][\/et_pb_section]<\/p>\n","protected":false},"excerpt":{"rendered":"<p>AMP : Amplifier les perspectives des musicien\u00b7ne\u00b7sLes \u00e9coles de musique peuvent transformer des vies. Elles forment les garant\u00b7e\u00b7s de la culture dans le monde entier. Outre la musique, elles offrent aux \u00e9tudiant\u00b7e\u00b7s des espaces s\u00fbrs pour forger de nouvelles perspectives, des amiti\u00e9s et des comp\u00e9tences sociales. Mais lorsque de jeunes musicien\u00b7ne\u00b7s entrent dans l\u2019industrie musicale [&hellip;]<\/p>\n","protected":false},"author":1,"featured_media":0,"parent":3306,"menu_order":0,"comment_status":"closed","ping_status":"closed","template":"","meta":{"_et_pb_use_builder":"on","_et_pb_old_content":"","_et_gb_content_width":"","footnotes":""},"dipi_cpt_category":[],"class_list":["post-3266","page","type-page","status-publish","hentry"],"_links":{"self":[{"href":"https:\/\/irma.ac\/fr\/wp-json\/wp\/v2\/pages\/3266","targetHints":{"allow":["GET"]}}],"collection":[{"href":"https:\/\/irma.ac\/fr\/wp-json\/wp\/v2\/pages"}],"about":[{"href":"https:\/\/irma.ac\/fr\/wp-json\/wp\/v2\/types\/page"}],"author":[{"embeddable":true,"href":"https:\/\/irma.ac\/fr\/wp-json\/wp\/v2\/users\/1"}],"replies":[{"embeddable":true,"href":"https:\/\/irma.ac\/fr\/wp-json\/wp\/v2\/comments?post=3266"}],"version-history":[{"count":20,"href":"https:\/\/irma.ac\/fr\/wp-json\/wp\/v2\/pages\/3266\/revisions"}],"predecessor-version":[{"id":4861,"href":"https:\/\/irma.ac\/fr\/wp-json\/wp\/v2\/pages\/3266\/revisions\/4861"}],"up":[{"embeddable":true,"href":"https:\/\/irma.ac\/fr\/wp-json\/wp\/v2\/pages\/3306"}],"wp:attachment":[{"href":"https:\/\/irma.ac\/fr\/wp-json\/wp\/v2\/media?parent=3266"}],"wp:term":[{"taxonomy":"dipi_cpt_category","embeddable":true,"href":"https:\/\/irma.ac\/fr\/wp-json\/wp\/v2\/dipi_cpt_category?post=3266"}],"curies":[{"name":"wp","href":"https:\/\/api.w.org\/{rel}","templated":true}]}}