{"id":3458,"date":"2025-07-08T11:57:09","date_gmt":"2025-07-08T09:57:09","guid":{"rendered":"https:\/\/irma.ac\/nuestro-trabajo\/estudio-de-caso\/"},"modified":"2026-01-14T17:59:29","modified_gmt":"2026-01-14T16:59:29","slug":"estudio-de-caso","status":"publish","type":"page","link":"https:\/\/irma.ac\/es\/nuestro-trabajo\/estudio-de-caso\/","title":{"rendered":"Estudio de caso"},"content":{"rendered":"<p>[et_pb_section fb_built=\u00bb1&#8243; _builder_version=\u00bb4.27.4&#8243; _module_preset=\u00bbdefault\u00bb global_colors_info=\u00bb{}\u00bb][et_pb_row column_structure=\u00bb1_3,2_3&#8243; module_class=\u00bbmiddle\u00bb _builder_version=\u00bb4.27.4&#8243; _module_preset=\u00bbdefault\u00bb global_colors_info=\u00bb{}\u00bb][et_pb_column type=\u00bb1_3&#8243; _builder_version=\u00bb4.27.4&#8243; _module_preset=\u00bbdefault\u00bb global_colors_info=\u00bb{}\u00bb][et_pb_image src=\u00bbhttps:\/\/irma.ac\/wp-content\/uploads\/2025\/06\/Logo_IRMA_LOGO_A.svg\u00bb title_text=\u00bbLogo_IRMA_LOGO_A\u00bb align=\u00bbcenter\u00bb _builder_version=\u00bb4.27.4&#8243; _module_preset=\u00bbdefault\u00bb global_colors_info=\u00bb{}\u00bb][\/et_pb_image][\/et_pb_column][et_pb_column type=\u00bb2_3&#8243; _builder_version=\u00bb4.27.4&#8243; _module_preset=\u00bbdefault\u00bb position_origin_a=\u00bbcenter_right\u00bb position_origin_a_tablet=\u00bbcenter_right\u00bb position_origin_a_phone=\u00bbcenter_right\u00bb position_origin_a_last_edited=\u00bboff|desktop\u00bb position_origin_f_last_edited=\u00bboff|desktop\u00bb position_origin_r_last_edited=\u00bboff|desktop\u00bb positioning_tablet=\u00bbnone\u00bb positioning_phone=\u00bbnone\u00bb positioning_last_edited=\u00bboff|desktop\u00bb global_colors_info=\u00bb{}\u00bb][et_pb_text _builder_version=\u00bb4.27.4&#8243; _module_preset=\u00bbdefault\u00bb text_font=\u00bbWork Sans|||on|||||\u00bb global_colors_info=\u00bb{}\u00bb]<\/p>\n<h2>Ampliar las perspectivas profesionales de l@s m\u00fasic@s<\/h2>\n<p>[\/et_pb_text][\/et_pb_column][\/et_pb_row][et_pb_row _builder_version=\u00bb4.27.4&#8243; _module_preset=\u00bbdefault\u00bb custom_margin=\u00bb||||false|false\u00bb custom_padding=\u00bb||3rem||false|false\u00bb global_colors_info=\u00bb{}\u00bb][et_pb_column type=\u00bb4_4&#8243; _builder_version=\u00bb4.27.4&#8243; _module_preset=\u00bbdefault\u00bb global_colors_info=\u00bb{}\u00bb][et_pb_text _builder_version=\u00bb4.27.4&#8243; _module_preset=\u00bbdefault\u00bb global_colors_info=\u00bb{}\u00bb]<\/p>\n<p>Las escuelas de m\u00fasica cl\u00e1sica con enfoque social se han convertido en un fen\u00f3meno mundial que apoya a las y los j\u00f3venes y ampl\u00eda las oportunidades de comunidades enteras en todo el mundo. Sin embargo, la m\u00fasica es un campo altamente competitivo que, con la llegada de las tecnolog\u00edas digitales, ha puesto gran \u00e9nfasis en la imagen. <br \/>Hoy en d\u00eda, quienes se dedican a la m\u00fasica no solo necesitan desarrollar su talento art\u00edstico, sino tambi\u00e9n adquirir habilidades tecnol\u00f3gicas y empresariales para prosperar. Desafortunadamente, muchas de estas escuelas a\u00fan no abordan esos temas.   <\/p>\n<p>Nuestro proyecto <strong>AMP<\/strong> surge como respuesta a este desaf\u00edo. Es un programa educativo que permite a las y los estudiantes producir y compartir su arte con el mundo, recuperar su autonom\u00eda creativa y ampliar sus perspectivas profesionales en \u00e1mbitos donde las habilidades musicales representan una ventaja real. A continuaci\u00f3n, se muestran ejemplos de lo que personas participantes con escasos o nulos conocimientos previos lograron producir durante nuestro programa de diez d\u00edas:   <\/p>\n<p>[\/et_pb_text][\/et_pb_column][\/et_pb_row][\/et_pb_section][et_pb_section fb_built=\u00bb1&#8243; admin_label=\u00bbvideo\u00bb _builder_version=\u00bb4.27.4&#8243; _module_preset=\u00bbdefault\u00bb custom_margin=\u00bb0px||||false|false\u00bb custom_padding=\u00bb0px||0px||false|false\u00bb global_colors_info=\u00bb{}\u00bb][et_pb_row _builder_version=\u00bb4.27.4&#8243; _module_preset=\u00bbdefault\u00bb custom_margin=\u00bb||||false|false\u00bb custom_padding=\u00bb0px||||false|false\u00bb global_colors_info=\u00bb{}\u00bb][et_pb_column type=\u00bb4_4&#8243; _builder_version=\u00bb4.27.4&#8243; _module_preset=\u00bbdefault\u00bb global_colors_info=\u00bb{}\u00bb][et_pb_video_slider show_thumbnails=\u00bboff\u00bb _builder_version=\u00bb4.27.4&#8243; _module_preset=\u00bbdefault\u00bb global_colors_info=\u00bb{}\u00bb][et_pb_video_slider_item admin_title=\u00bbvideo 1&#8243; src=\u00bbhttps:\/\/youtu.be\/eLNkRNwUz_o\u00bb _builder_version=\u00bb4.27.4&#8243; _module_preset=\u00bbdefault\u00bb global_colors_info=\u00bb{}\u00bb show_image_overlay=\u00bboff\u00bb][\/et_pb_video_slider_item][et_pb_video_slider_item admin_title=\u00bbvideo 2&#8243; src=\u00bbhttps:\/\/youtu.be\/rLN3ZfmAKX4&#8243; _builder_version=\u00bb4.27.4&#8243; _module_preset=\u00bbdefault\u00bb global_colors_info=\u00bb{}\u00bb show_image_overlay=\u00bboff\u00bb][\/et_pb_video_slider_item][et_pb_video_slider_item admin_title=\u00bbvideo 3&#8243; src=\u00bbhttps:\/\/youtu.be\/BbJTbTnG4KM\u00bb _builder_version=\u00bb4.27.4&#8243; _module_preset=\u00bbdefault\u00bb global_colors_info=\u00bb{}\u00bb show_image_overlay=\u00bboff\u00bb][\/et_pb_video_slider_item][et_pb_video_slider_item admin_title=\u00bbvideo 4&#8243; src=\u00bbhttps:\/\/youtu.be\/JtM_ftmvWWc\u00bb _builder_version=\u00bb4.27.4&#8243; _module_preset=\u00bbdefault\u00bb global_colors_info=\u00bb{}\u00bb show_image_overlay=\u00bboff\u00bb][\/et_pb_video_slider_item][\/et_pb_video_slider][\/et_pb_column][\/et_pb_row][et_pb_row _builder_version=\u00bb4.27.4&#8243; _module_preset=\u00bbdefault\u00bb custom_padding=\u00bb||3rem||false|false\u00bb global_colors_info=\u00bb{}\u00bb][et_pb_column type=\u00bb4_4&#8243; _builder_version=\u00bb4.27.4&#8243; _module_preset=\u00bbdefault\u00bb global_colors_info=\u00bb{}\u00bb][et_pb_text _builder_version=\u00bb4.27.4&#8243; _module_preset=\u00bbdefault\u00bb link_font_size=\u00bb1.5rem\u00bb custom_margin=\u00bb||0px||false|false\u00bb custom_padding=\u00bb||||false|false\u00bb global_colors_info=\u00bb{}\u00bb]<\/p>\n<h3>El informe del proyecto est\u00e1 disponible <a href=\"\/wp-content\/uploads\/2025\/07\/PROJECT-REPORT-AMP-SAO-PAULO-2024-Public.pdf\">en este enlace<\/a><\/h3>\n<p>[\/et_pb_text][et_pb_text _builder_version=\u00bb4.27.5&#8243; _module_preset=\u00bbdefault\u00bb hover_enabled=\u00bb0&#8243; global_colors_info=\u00bb{}\u00bb sticky_enabled=\u00bb0&#8243;]<\/p>\n<p>Tuvimos el honor de presentar este proyecto en el Festival de Jazz de Montreux 2024. Puede encontrar el texto de la presentaci\u00f3n y los enlaces a los v\u00eddeos de Sampling the World haciendo clic <a href=\"\/wp-content\/uploads\/2025\/07\/Sampling-the-World-MJF-2024-20240717.pdf\" target=\"_blank\" rel=\"noopener\">en este enlace<\/a> (el texto est\u00e1 en franc\u00e9s) <\/p>\n<p>[\/et_pb_text][\/et_pb_column][\/et_pb_row][\/et_pb_section][et_pb_section fb_built=\u00bb1&#8243; _builder_version=\u00bb4.27.4&#8243; _module_preset=\u00bbdefault\u00bb custom_padding=\u00bb0px||||false|false\u00bb global_colors_info=\u00bb{}\u00bb][et_pb_row column_structure=\u00bb2_5,3_5&#8243; module_class=\u00bbmiddle\u00bb _builder_version=\u00bb4.27.4&#8243; _module_preset=\u00bbdefault\u00bb custom_margin=\u00bb||||false|false\u00bb custom_padding=\u00bb0px||0px||false|false\u00bb global_colors_info=\u00bb{}\u00bb][et_pb_column type=\u00bb2_5&#8243; _builder_version=\u00bb4.27.4&#8243; _module_preset=\u00bbdefault\u00bb global_colors_info=\u00bb{}\u00bb][et_pb_image src=\u00bbhttps:\/\/irma.ac\/wp-content\/uploads\/2025\/07\/Image-06-AMP-Casa-Curumins-scaled_1280.jpg\u00bb title_text=\u00bbImage-06-AMP-Casa-Curumins-scaled_1280&#8243; align=\u00bbcenter\u00bb module_class=\u00bbimage-cadre-var\u00bb _builder_version=\u00bb4.27.4&#8243; _module_preset=\u00bbdefault\u00bb global_colors_info=\u00bb{}\u00bb][\/et_pb_image][\/et_pb_column][et_pb_column type=\u00bb3_5&#8243; _builder_version=\u00bb4.27.4&#8243; _module_preset=\u00bbdefault\u00bb position_origin_a=\u00bbcenter_right\u00bb position_origin_a_tablet=\u00bbcenter_right\u00bb position_origin_a_phone=\u00bbcenter_right\u00bb position_origin_a_last_edited=\u00bboff|desktop\u00bb position_origin_f_last_edited=\u00bboff|desktop\u00bb position_origin_r_last_edited=\u00bboff|desktop\u00bb positioning_tablet=\u00bbnone\u00bb positioning_phone=\u00bbnone\u00bb positioning_last_edited=\u00bboff|desktop\u00bb global_colors_info=\u00bb{}\u00bb][et_pb_text _builder_version=\u00bb4.27.4&#8243; _module_preset=\u00bbdefault\u00bb global_colors_info=\u00bb{}\u00bb]<\/p>\n<h3>Puede apoyar este proyecto donando<\/h3>\n<ul>\n<li>El auricular proporcionado con su dispositivo m\u00f3vil (aseg\u00farese de que disponga de micr\u00f3fono integrado)<\/li>\n<li>Smartphones recientes y que funcionen (no m\u00e1s de 5 a\u00f1os)<\/li>\n<li>Port\u00e1tiles recientes (no m\u00e1s de 5 a\u00f1os)<\/li>\n<li>Contribuciones financieras<\/li>\n<\/ul>\n<h4>Por favor, env\u00eda esos art\u00edculos a<\/h4>\n<p>IRMA (International Relation &amp; Music Association) Chemin des Grillons 5, 2000 Neuch\u00e2tel<\/p>\n<p>[\/et_pb_text][et_pb_text _builder_version=\u00bb4.27.4&#8243; _module_preset=\u00bbdefault\u00bb global_colors_info=\u00bb{}\u00bb]<\/p>\n<h4>Informaci\u00f3n bancaria<\/h4>\n<p>IRMA<br \/>Banque Cantonale Neuch\u00e2teloise<br \/>Place Pury 4, 2001 Neuch\u00e2tel<\/p>\n<p><strong>IBAN :<\/strong> CH49 0076 6000 1040 9106 3<br \/><strong>Swift :<\/strong> BCNNCH22<br \/><strong>Clearing :<\/strong> 766<\/p>\n<p>Gracias por su apoyo.<\/p>\n<p>[\/et_pb_text][\/et_pb_column][\/et_pb_row][\/et_pb_section][et_pb_section fb_built=\u00bb1&#8243; admin_label=\u00bbTHE BACCARELLI INSTITUTE IN S\u00c3O PAULO, OCTOBER 2024&#8243; _builder_version=\u00bb4.27.4&#8243; _module_preset=\u00bbdefault\u00bb background_color=\u00bbrgba(253,255,239,0.6)\u00bb custom_padding=\u00bb0px||0px||false|false\u00bb global_colors_info=\u00bb{}\u00bb][et_pb_row admin_label=\u00bbIntroducci\u00f3n\u00bb _builder_version=\u00bb4.27.4&#8243; _module_preset=\u00bbdefault\u00bb custom_margin=\u00bb||||false|false\u00bb custom_padding=\u00bb4rem||||false|false\u00bb hover_enabled=\u00bb0&#8243; global_colors_info=\u00bb{}\u00bb sticky_enabled=\u00bb0&#8243;][et_pb_column type=\u00bb4_4&#8243; _builder_version=\u00bb4.27.4&#8243; _module_preset=\u00bbdefault\u00bb global_colors_info=\u00bb{}\u00bb][et_pb_text _builder_version=\u00bb4.27.5&#8243; _module_preset=\u00bbdefault\u00bb hover_enabled=\u00bb0&#8243; global_colors_info=\u00bb{}\u00bb sticky_enabled=\u00bb0&#8243;]<\/p>\n<h3>Amp @ El instituto Baccarelli de S\u00e3o Paulo, octubre de 2024<\/h3>\n<p>[\/et_pb_text][\/et_pb_column][\/et_pb_row][et_pb_row column_structure=\u00bb3_5,2_5&#8243; admin_label=\u00bbIntroducci\u00f3n\u00bb _builder_version=\u00bb4.27.5&#8243; _module_preset=\u00bbdefault\u00bb custom_margin=\u00bb||||false|false\u00bb custom_padding=\u00bb20px||||false|false\u00bb hover_enabled=\u00bb0&#8243; global_colors_info=\u00bb{}\u00bb sticky_enabled=\u00bb0&#8243;][et_pb_column type=\u00bb3_5&#8243; _builder_version=\u00bb4.27.4&#8243; _module_preset=\u00bbdefault\u00bb global_colors_info=\u00bb{}\u00bb][et_pb_text _builder_version=\u00bb4.27.5&#8243; _module_preset=\u00bbdefault\u00bb hover_enabled=\u00bb0&#8243; global_colors_info=\u00bb{}\u00bb sticky_enabled=\u00bb0&#8243;]<\/p>\n<p>Extendemos nuestro m\u00e1s sincero agradecimiento a la Fundaci\u00f3n Rolf Schnyder por apoyar este proyecto, y a todas las personas que han donado objetos y contribuciones financieras.<\/p>\n<p>[\/et_pb_text][\/et_pb_column][et_pb_column type=\u00bb2_5&#8243; _builder_version=\u00bb4.27.4&#8243; _module_preset=\u00bbdefault\u00bb global_colors_info=\u00bb{}\u00bb][et_pb_image src=\u00bbhttps:\/\/irma.ac\/wp-content\/uploads\/2025\/07\/Logo-Rolf-Schnyder-Foundation.png\u00bb title_text=\u00bbLogotipo &#8211; Fundaci\u00f3n Rolf Schnyder\u00bb align=\u00bbcenter\u00bb _builder_version=\u00bb4.27.4&#8243; _module_preset=\u00bbdefault\u00bb global_colors_info=\u00bb{}\u00bb][\/et_pb_image][\/et_pb_column][\/et_pb_row][et_pb_row admin_label=\u00bbD\u00eda 1&#8243; _builder_version=\u00bb4.27.5&#8243; _module_preset=\u00bbdefault\u00bb custom_padding=\u00bb20px||3rem||false|false\u00bb hover_enabled=\u00bb0&#8243; global_colors_info=\u00bb{}\u00bb sticky_enabled=\u00bb0&#8243;][et_pb_column type=\u00bb4_4&#8243; _builder_version=\u00bb4.27.4&#8243; _module_preset=\u00bbdefault\u00bb global_colors_info=\u00bb{}\u00bb][et_pb_text _builder_version=\u00bb4.27.4&#8243; _module_preset=\u00bbdefault\u00bb custom_margin=\u00bb||0px||false|false\u00bb global_colors_info=\u00bb{}\u00bb]<\/p>\n<h3>D\u00eda 1<\/h3>\n<p>[\/et_pb_text][dipi_filterable_gallery include_term_ids=\u00bb8&#8243; gallery_orderby=\u00bbdate_asc\u00bb filter_bar_layout=\u00bbcolumn\u00bb filter_tab_alignment=\u00bbstart\u00bb show_all_filter=\u00bboff\u00bb columns=\u00bb2&#8243; show_img_title=\u00bbon\u00bb columns_tablet=\u00bb1&#8243; columns_phone=\u00bb1&#8243; columns_last_edited=\u00bbon|desktop\u00bb _builder_version=\u00bb4.27.4&#8243; _module_preset=\u00bbdefault\u00bb global_colors_info=\u00bb{}\u00bb][\/dipi_filterable_gallery][\/et_pb_column][\/et_pb_row][et_pb_row admin_label=\u00bbD\u00eda 2&#8243; _builder_version=\u00bb4.27.4&#8243; _module_preset=\u00bbdefault\u00bb custom_padding=\u00bb||3rem||false|false\u00bb global_colors_info=\u00bb{}\u00bb][et_pb_column type=\u00bb4_4&#8243; _builder_version=\u00bb4.27.4&#8243; _module_preset=\u00bbdefault\u00bb global_colors_info=\u00bb{}\u00bb][et_pb_text _builder_version=\u00bb4.27.4&#8243; _module_preset=\u00bbdefault\u00bb custom_margin=\u00bb||0px||false|false\u00bb global_colors_info=\u00bb{}\u00bb]<\/p>\n<h3>D\u00eda 2<\/h3>\n<p>[\/et_pb_text][dipi_filterable_gallery include_term_ids=\u00bb9&#8243; filter_bar_layout=\u00bbcolumn\u00bb filter_tab_alignment=\u00bbstart\u00bb show_all_filter=\u00bboff\u00bb columns=\u00bb1&#8243; show_img_title=\u00bbon\u00bb _builder_version=\u00bb4.27.4&#8243; _module_preset=\u00bbdefault\u00bb global_colors_info=\u00bb{}\u00bb][\/dipi_filterable_gallery][\/et_pb_column][\/et_pb_row][et_pb_row admin_label=\u00bbD\u00eda 3&#8243; _builder_version=\u00bb4.27.4&#8243; _module_preset=\u00bbdefault\u00bb custom_padding=\u00bb||3rem||false|false\u00bb global_colors_info=\u00bb{}\u00bb][et_pb_column type=\u00bb4_4&#8243; _builder_version=\u00bb4.27.4&#8243; _module_preset=\u00bbdefault\u00bb global_colors_info=\u00bb{}\u00bb][et_pb_text _builder_version=\u00bb4.27.4&#8243; _module_preset=\u00bbdefault\u00bb custom_margin=\u00bb||0px||false|false\u00bb global_colors_info=\u00bb{}\u00bb]<\/p>\n<h3>D\u00eda 3<\/h3>\n<p>[\/et_pb_text][dipi_filterable_gallery include_term_ids=\u00bb10&#8243; filter_bar_layout=\u00bbcolumn\u00bb filter_tab_alignment=\u00bbstart\u00bb show_all_filter=\u00bboff\u00bb columns=\u00bb1&#8243; show_img_title=\u00bbon\u00bb _builder_version=\u00bb4.27.4&#8243; _module_preset=\u00bbdefault\u00bb global_colors_info=\u00bb{}\u00bb][\/dipi_filterable_gallery][et_pb_video_slider show_thumbnails=\u00bboff\u00bb _builder_version=\u00bb4.27.4&#8243; _module_preset=\u00bbdefault\u00bb global_colors_info=\u00bb{}\u00bb][et_pb_video_slider_item src=\u00bbhttps:\/\/www.youtube.com\/watch?v=9SYq1lhn8aE\u00bb _builder_version=\u00bb4.27.4&#8243; _module_preset=\u00bbdefault\u00bb global_colors_info=\u00bb{}\u00bb show_image_overlay=\u00bboff\u00bb][\/et_pb_video_slider_item][et_pb_video_slider_item src=\u00bbhttps:\/\/www.youtube.com\/watch?v=t7r2enBAdsM\u00bb _builder_version=\u00bb4.27.4&#8243; _module_preset=\u00bbdefault\u00bb global_colors_info=\u00bb{}\u00bb show_image_overlay=\u00bboff\u00bb][\/et_pb_video_slider_item][\/et_pb_video_slider][\/et_pb_column][\/et_pb_row][et_pb_row admin_label=\u00bbD\u00eda 4&#8243; _builder_version=\u00bb4.27.4&#8243; _module_preset=\u00bbdefault\u00bb custom_padding=\u00bb||3rem||false|false\u00bb global_colors_info=\u00bb{}\u00bb][et_pb_column type=\u00bb4_4&#8243; _builder_version=\u00bb4.27.4&#8243; _module_preset=\u00bbdefault\u00bb global_colors_info=\u00bb{}\u00bb][et_pb_text _builder_version=\u00bb4.27.4&#8243; _module_preset=\u00bbdefault\u00bb custom_margin=\u00bb||0px||false|false\u00bb global_colors_info=\u00bb{}\u00bb]<\/p>\n<h3>D\u00eda 4<\/h3>\n<p>[\/et_pb_text][dipi_filterable_gallery include_term_ids=\u00bb11&#8243; filter_bar_layout=\u00bbcolumn\u00bb filter_tab_alignment=\u00bbstart\u00bb show_all_filter=\u00bboff\u00bb columns=\u00bb1&#8243; show_img_title=\u00bbon\u00bb _builder_version=\u00bb4.27.4&#8243; _module_preset=\u00bbdefault\u00bb global_colors_info=\u00bb{}\u00bb][\/dipi_filterable_gallery][et_pb_video src=\u00bbhttps:\/\/www.youtube.com\/watch?v=gJbq3Nvsxio\u00bb _builder_version=\u00bb4.27.4&#8243; _module_preset=\u00bbdefault\u00bb global_colors_info=\u00bb{}\u00bb][\/et_pb_video][\/et_pb_column][\/et_pb_row][et_pb_row admin_label=\u00bbD\u00eda 5&#8243; _builder_version=\u00bb4.27.4&#8243; _module_preset=\u00bbdefault\u00bb custom_padding=\u00bb||3rem||false|false\u00bb global_colors_info=\u00bb{}\u00bb][et_pb_column type=\u00bb4_4&#8243; _builder_version=\u00bb4.27.4&#8243; _module_preset=\u00bbdefault\u00bb global_colors_info=\u00bb{}\u00bb][et_pb_text _builder_version=\u00bb4.27.4&#8243; _module_preset=\u00bbdefault\u00bb custom_margin=\u00bb||0px||false|false\u00bb global_colors_info=\u00bb{}\u00bb]<\/p>\n<h3>D\u00eda 5<\/h3>\n<p>[\/et_pb_text][dipi_filterable_gallery include_term_ids=\u00bb12&#8243; gallery_orderby=\u00bbdate_asc\u00bb filter_bar_layout=\u00bbcolumn\u00bb filter_tab_alignment=\u00bbstart\u00bb show_all_filter=\u00bboff\u00bb columns=\u00bb2&#8243; show_img_title=\u00bbon\u00bb columns_tablet=\u00bb1&#8243; columns_phone=\u00bb1&#8243; columns_last_edited=\u00bbon|tablet\u00bb _builder_version=\u00bb4.27.4&#8243; _module_preset=\u00bbdefault\u00bb global_colors_info=\u00bb{}\u00bb][\/dipi_filterable_gallery][et_pb_video_slider show_thumbnails=\u00bboff\u00bb _builder_version=\u00bb4.27.4&#8243; _module_preset=\u00bbdefault\u00bb global_colors_info=\u00bb{}\u00bb][et_pb_video_slider_item src=\u00bbhttps:\/\/www.youtube.com\/watch?v=3fZPKxpVZAU&#038;feature=youtu.be\u00bb _builder_version=\u00bb4.27.4&#8243; _module_preset=\u00bbdefault\u00bb global_colors_info=\u00bb{}\u00bb show_image_overlay=\u00bboff\u00bb][\/et_pb_video_slider_item][et_pb_video_slider_item src=\u00bbhttps:\/\/www.youtube.com\/watch?v=bArIldfofTA\u00bb _builder_version=\u00bb4.27.4&#8243; _module_preset=\u00bbdefault\u00bb global_colors_info=\u00bb{}\u00bb show_image_overlay=\u00bboff\u00bb][\/et_pb_video_slider_item][\/et_pb_video_slider][\/et_pb_column][\/et_pb_row][et_pb_row admin_label=\u00bbD\u00eda 6&#8243; _builder_version=\u00bb4.27.4&#8243; _module_preset=\u00bbdefault\u00bb custom_padding=\u00bb||3rem||false|false\u00bb global_colors_info=\u00bb{}\u00bb][et_pb_column type=\u00bb4_4&#8243; _builder_version=\u00bb4.27.4&#8243; _module_preset=\u00bbdefault\u00bb global_colors_info=\u00bb{}\u00bb][et_pb_text _builder_version=\u00bb4.27.4&#8243; _module_preset=\u00bbdefault\u00bb custom_margin=\u00bb||0px||false|false\u00bb global_colors_info=\u00bb{}\u00bb]<\/p>\n<h3>D\u00eda 6<\/h3>\n<p>[\/et_pb_text][dipi_filterable_gallery include_term_ids=\u00bb13&#8243; gallery_orderby=\u00bbdate_asc\u00bb filter_bar_layout=\u00bbcolumn\u00bb filter_tab_alignment=\u00bbstart\u00bb show_all_filter=\u00bboff\u00bb columns=\u00bb2&#8243; show_img_title=\u00bbon\u00bb columns_tablet=\u00bb1&#8243; columns_phone=\u00bb1&#8243; columns_last_edited=\u00bbon|phone\u00bb _builder_version=\u00bb4.27.4&#8243; _module_preset=\u00bbdefault\u00bb global_colors_info=\u00bb{}\u00bb][\/dipi_filterable_gallery][et_pb_video_slider show_thumbnails=\u00bboff\u00bb _builder_version=\u00bb4.27.4&#8243; _module_preset=\u00bbdefault\u00bb global_colors_info=\u00bb{}\u00bb][et_pb_video_slider_item src=\u00bbhttps:\/\/www.youtube.com\/watch?v=EzE1MrPXne4&#8243; _builder_version=\u00bb4.27.4&#8243; _module_preset=\u00bbdefault\u00bb global_colors_info=\u00bb{}\u00bb show_image_overlay=\u00bboff\u00bb][\/et_pb_video_slider_item][et_pb_video_slider_item src=\u00bbhttps:\/\/www.youtube.com\/watch?v=W04q3rQgJ0k\u00bb _builder_version=\u00bb4.27.4&#8243; _module_preset=\u00bbdefault\u00bb global_colors_info=\u00bb{}\u00bb show_image_overlay=\u00bboff\u00bb][\/et_pb_video_slider_item][\/et_pb_video_slider][\/et_pb_column][\/et_pb_row][et_pb_row admin_label=\u00bbD\u00eda 7&#8243; _builder_version=\u00bb4.27.4&#8243; _module_preset=\u00bbdefault\u00bb custom_padding=\u00bb||3rem||false|false\u00bb global_colors_info=\u00bb{}\u00bb][et_pb_column type=\u00bb4_4&#8243; _builder_version=\u00bb4.27.4&#8243; _module_preset=\u00bbdefault\u00bb global_colors_info=\u00bb{}\u00bb][et_pb_text _builder_version=\u00bb4.27.4&#8243; _module_preset=\u00bbdefault\u00bb custom_margin=\u00bb||0px||false|false\u00bb global_colors_info=\u00bb{}\u00bb]<\/p>\n<h3>D\u00eda 7<\/h3>\n<p>[\/et_pb_text][dipi_filterable_gallery include_term_ids=\u00bb14&#8243; gallery_orderby=\u00bbdate_asc\u00bb filter_bar_layout=\u00bbcolumn\u00bb filter_tab_alignment=\u00bbstart\u00bb show_all_filter=\u00bboff\u00bb columns=\u00bb2&#8243; show_img_title=\u00bbon\u00bb columns_tablet=\u00bb1&#8243; columns_phone=\u00bb1&#8243; columns_last_edited=\u00bbon|phone\u00bb _builder_version=\u00bb4.27.4&#8243; _module_preset=\u00bbdefault\u00bb global_colors_info=\u00bb{}\u00bb][\/dipi_filterable_gallery][et_pb_video_slider show_thumbnails=\u00bboff\u00bb _builder_version=\u00bb4.27.4&#8243; _module_preset=\u00bbdefault\u00bb global_colors_info=\u00bb{}\u00bb][et_pb_video_slider_item src=\u00bbhttps:\/\/www.youtube.com\/watch?v=r7-cadEqSD4&#8243; _builder_version=\u00bb4.27.4&#8243; _module_preset=\u00bbdefault\u00bb global_colors_info=\u00bb{}\u00bb show_image_overlay=\u00bboff\u00bb][\/et_pb_video_slider_item][et_pb_video_slider_item src=\u00bbhttps:\/\/www.youtube.com\/watch?v=OQLzv0LvAlA\u00bb _builder_version=\u00bb4.27.4&#8243; _module_preset=\u00bbdefault\u00bb global_colors_info=\u00bb{}\u00bb show_image_overlay=\u00bboff\u00bb][\/et_pb_video_slider_item][\/et_pb_video_slider][\/et_pb_column][\/et_pb_row][et_pb_row admin_label=\u00bbD\u00eda 8&#8243; _builder_version=\u00bb4.27.4&#8243; _module_preset=\u00bbdefault\u00bb custom_padding=\u00bb||3rem||false|false\u00bb global_colors_info=\u00bb{}\u00bb][et_pb_column type=\u00bb4_4&#8243; _builder_version=\u00bb4.27.4&#8243; _module_preset=\u00bbdefault\u00bb global_colors_info=\u00bb{}\u00bb][et_pb_text _builder_version=\u00bb4.27.4&#8243; _module_preset=\u00bbdefault\u00bb custom_margin=\u00bb||0px||false|false\u00bb global_colors_info=\u00bb{}\u00bb]<\/p>\n<h3>D\u00eda 8<\/h3>\n<p>[\/et_pb_text][dipi_filterable_gallery include_term_ids=\u00bb15&#8243; gallery_orderby=\u00bbdate_asc\u00bb filter_bar_layout=\u00bbcolumn\u00bb filter_tab_alignment=\u00bbstart\u00bb show_all_filter=\u00bboff\u00bb columns=\u00bb2&#8243; show_img_title=\u00bbon\u00bb columns_tablet=\u00bb1&#8243; columns_phone=\u00bb1&#8243; columns_last_edited=\u00bbon|desktop\u00bb _builder_version=\u00bb4.27.4&#8243; _module_preset=\u00bbdefault\u00bb global_colors_info=\u00bb{}\u00bb][\/dipi_filterable_gallery][\/et_pb_column][\/et_pb_row][et_pb_row admin_label=\u00bbD\u00eda 9&#8243; _builder_version=\u00bb4.27.4&#8243; _module_preset=\u00bbdefault\u00bb custom_padding=\u00bb||3rem||false|false\u00bb global_colors_info=\u00bb{}\u00bb][et_pb_column type=\u00bb4_4&#8243; _builder_version=\u00bb4.27.4&#8243; _module_preset=\u00bbdefault\u00bb global_colors_info=\u00bb{}\u00bb][et_pb_text _builder_version=\u00bb4.27.4&#8243; _module_preset=\u00bbdefault\u00bb custom_margin=\u00bb||0px||false|false\u00bb global_colors_info=\u00bb{}\u00bb]<\/p>\n<h3>D\u00eda 9<\/h3>\n<p>[\/et_pb_text][dipi_filterable_gallery include_term_ids=\u00bb16&#8243; gallery_orderby=\u00bbdate_asc\u00bb filter_bar_layout=\u00bbcolumn\u00bb filter_tab_alignment=\u00bbstart\u00bb show_all_filter=\u00bboff\u00bb columns=\u00bb2&#8243; show_img_title=\u00bbon\u00bb columns_tablet=\u00bb1&#8243; columns_phone=\u00bb1&#8243; columns_last_edited=\u00bbon|desktop\u00bb _builder_version=\u00bb4.27.4&#8243; _module_preset=\u00bbdefault\u00bb global_colors_info=\u00bb{}\u00bb][\/dipi_filterable_gallery][\/et_pb_column][\/et_pb_row][et_pb_row admin_label=\u00bbD\u00eda 10&#8243; _builder_version=\u00bb4.27.4&#8243; _module_preset=\u00bbdefault\u00bb custom_padding=\u00bb||3rem||false|false\u00bb global_colors_info=\u00bb{}\u00bb][et_pb_column type=\u00bb4_4&#8243; _builder_version=\u00bb4.27.4&#8243; _module_preset=\u00bbdefault\u00bb global_colors_info=\u00bb{}\u00bb][et_pb_text _builder_version=\u00bb4.27.4&#8243; _module_preset=\u00bbdefault\u00bb custom_margin=\u00bb||0px||false|false\u00bb global_colors_info=\u00bb{}\u00bb]<\/p>\n<h3>D\u00eda 10<\/h3>\n<p>[\/et_pb_text][dipi_filterable_gallery include_term_ids=\u00bb17&#8243; gallery_orderby=\u00bbdate_asc\u00bb filter_bar_layout=\u00bbcolumn\u00bb filter_tab_alignment=\u00bbstart\u00bb show_all_filter=\u00bboff\u00bb columns=\u00bb2&#8243; show_img_title=\u00bbon\u00bb columns_tablet=\u00bb1&#8243; columns_phone=\u00bb1&#8243; columns_last_edited=\u00bbon|phone\u00bb _builder_version=\u00bb4.27.4&#8243; _module_preset=\u00bbdefault\u00bb global_colors_info=\u00bb{}\u00bb][\/dipi_filterable_gallery][\/et_pb_column][\/et_pb_row][\/et_pb_section]<\/p>\n","protected":false},"excerpt":{"rendered":"<p>Ampliar las perspectivas profesionales de l@s m\u00fasic@sLas escuelas de m\u00fasica cl\u00e1sica con enfoque social se han convertido en un fen\u00f3meno mundial que apoya a las y los j\u00f3venes y ampl\u00eda las oportunidades de comunidades enteras en todo el mundo. Sin embargo, la m\u00fasica es un campo altamente competitivo que, con la llegada de las tecnolog\u00edas [&hellip;]<\/p>\n","protected":false},"author":1,"featured_media":0,"parent":3441,"menu_order":0,"comment_status":"closed","ping_status":"closed","template":"","meta":{"_et_pb_use_builder":"on","_et_pb_old_content":"","_et_gb_content_width":"","footnotes":""},"dipi_cpt_category":[],"class_list":["post-3458","page","type-page","status-publish","hentry"],"_links":{"self":[{"href":"https:\/\/irma.ac\/es\/wp-json\/wp\/v2\/pages\/3458","targetHints":{"allow":["GET"]}}],"collection":[{"href":"https:\/\/irma.ac\/es\/wp-json\/wp\/v2\/pages"}],"about":[{"href":"https:\/\/irma.ac\/es\/wp-json\/wp\/v2\/types\/page"}],"author":[{"embeddable":true,"href":"https:\/\/irma.ac\/es\/wp-json\/wp\/v2\/users\/1"}],"replies":[{"embeddable":true,"href":"https:\/\/irma.ac\/es\/wp-json\/wp\/v2\/comments?post=3458"}],"version-history":[{"count":10,"href":"https:\/\/irma.ac\/es\/wp-json\/wp\/v2\/pages\/3458\/revisions"}],"predecessor-version":[{"id":4342,"href":"https:\/\/irma.ac\/es\/wp-json\/wp\/v2\/pages\/3458\/revisions\/4342"}],"up":[{"embeddable":true,"href":"https:\/\/irma.ac\/es\/wp-json\/wp\/v2\/pages\/3441"}],"wp:attachment":[{"href":"https:\/\/irma.ac\/es\/wp-json\/wp\/v2\/media?parent=3458"}],"wp:term":[{"taxonomy":"dipi_cpt_category","embeddable":true,"href":"https:\/\/irma.ac\/es\/wp-json\/wp\/v2\/dipi_cpt_category?post=3458"}],"curies":[{"name":"wp","href":"https:\/\/api.w.org\/{rel}","templated":true}]}}