{"id":3421,"date":"2025-07-17T13:35:14","date_gmt":"2025-07-17T11:35:14","guid":{"rendered":"https:\/\/irma.ac\/dona\/"},"modified":"2025-12-18T18:19:41","modified_gmt":"2025-12-18T17:19:41","slug":"dona","status":"publish","type":"page","link":"https:\/\/irma.ac\/es\/dona\/","title":{"rendered":"Dona"},"content":{"rendered":"<p>[et_pb_section fb_built=\u00bb1&#8243; _builder_version=\u00bb4.27.4&#8243; _module_preset=\u00bbdefault\u00bb custom_margin=\u00bb2rem||||false|false\u00bb global_colors_info=\u00bb{}\u00bb][et_pb_row _builder_version=\u00bb4.27.4&#8243; _module_preset=\u00bbdefault\u00bb global_colors_info=\u00bb{}\u00bb][et_pb_column type=\u00bb4_4&#8243; _builder_version=\u00bb4.27.4&#8243; _module_preset=\u00bbdefault\u00bb global_colors_info=\u00bb{}\u00bb][et_pb_text _builder_version=\u00bb4.27.4&#8243; _module_preset=\u00bbdefault\u00bb header_font_size_last_edited=\u00bboff|desktop\u00bb global_colors_info=\u00bb{}\u00bb]<\/p>\n<h1>Ap\u00f3yanos<\/h1>\n<p>[\/et_pb_text][\/et_pb_column][\/et_pb_row][\/et_pb_section][et_pb_section fb_built=\u00bb1&#8243; _builder_version=\u00bb4.27.5&#8243; _module_preset=\u00bbdefault\u00bb min_height=\u00bb40vh\u00bb custom_margin=\u00bb||2rem||false|false\u00bb custom_padding=\u00bb||||false|false\u00bb global_colors_info=\u00bb{}\u00bb][et_pb_row _builder_version=\u00bb4.27.4&#8243; _module_preset=\u00bbdefault\u00bb global_colors_info=\u00bb{}\u00bb][et_pb_column type=\u00bb4_4&#8243; _builder_version=\u00bb4.27.4&#8243; _module_preset=\u00bbdefault\u00bb global_colors_info=\u00bb{}\u00bb][et_pb_text _builder_version=\u00bb4.27.5&#8243; _module_preset=\u00bb20481be7-2273-4696-9762-3ac21d12901e\u00bb global_colors_info=\u00bb{}\u00bb]<\/p>\n<p>Apoyamos a artistas e instituciones de todo el mundo que lo han solicitado, afrontando retos ignorados y de gran potencial y esforz\u00e1ndonos por lograr un impacto significativo y mensurable. Ay\u00fadanos a amplificar el arte e ecualizar las oportunidades. <\/p>\n<p>Su donaci\u00f3n contribuye a nuestro \u00e9xito. <strong>\u00a1Gracias por su apoyo!<\/strong><\/p>\n<p>IRMA \u2013 International Relations &amp; Music Association<br \/>Chemin des Grillons 5, 2000 Neuch\u00e2tel, Suiza<strong><\/strong><\/p>\n<p><strong><\/strong><\/p>\n<p>[\/et_pb_text][\/et_pb_column][\/et_pb_row][et_pb_row _builder_version=\u00bb4.27.5&#8243; _module_preset=\u00bbdefault\u00bb custom_margin=\u00bb3rem||||false|false\u00bb global_colors_info=\u00bb{}\u00bb][et_pb_column type=\u00bb4_4&#8243; _builder_version=\u00bb4.27.5&#8243; _module_preset=\u00bbdefault\u00bb global_colors_info=\u00bb{}\u00bb][et_pb_text _builder_version=\u00bb4.27.5&#8243; _module_preset=\u00bb20481be7-2273-4696-9762-3ac21d12901e\u00bb global_colors_info=\u00bb{}\u00bb]<\/p>\n<h3>DATOS BANCARIOS<\/h3>\n<p>Banque Cantonale Neuch\u00e2teloise<br \/>Place Pury 4, 2001 Neuch\u00e2tel<br \/><strong>N\u00famero de cuenta:<\/strong> 1040.91.06.3<br \/><strong>IBAN:<\/strong> CH49 0076 6000 1040 9106 3<br \/>BIC\/SWIFT<strong>:<\/strong> BCNNCH22<br \/><strong>Clearing:<\/strong> 766<\/p>\n<p>Por favor, da preferencia a las transferencias bancarias para los donativos desde Europa, ya que son gratuitas.<\/p>\n<p>[\/et_pb_text][\/et_pb_column][\/et_pb_row][\/et_pb_section][et_pb_section fb_built=\u00bb1&#8243; _builder_version=\u00bb4.27.5&#8243; _module_preset=\u00bbdefault\u00bb positioning=\u00bbnone\u00bb position_origin_a=\u00bbtop_center\u00bb custom_margin=\u00bb5rem||||false|false\u00bb custom_padding=\u00bb||2rem||false|false\u00bb global_colors_info=\u00bb{}\u00bb][et_pb_row _builder_version=\u00bb4.27.4&#8243; _module_preset=\u00bbdefault\u00bb position_origin_a=\u00bbcenter_center\u00bb global_colors_info=\u00bb{}\u00bb][et_pb_column type=\u00bb4_4&#8243; _builder_version=\u00bb4.27.4&#8243; _module_preset=\u00bbdefault\u00bb global_colors_info=\u00bb{}\u00bb][et_pb_image src=\u00bbhttps:\/\/irma.ac\/wp-content\/uploads\/2025\/07\/twint-custom-eng_orig.png\u00bb title_text=\u00bbtwint-custom-eng_orig\u00bb align=\u00bbcenter\u00bb _builder_version=\u00bb4.27.4&#8243; _module_preset=\u00bbdefault\u00bb global_colors_info=\u00bb{}\u00bb][\/et_pb_image][\/et_pb_column][\/et_pb_row][\/et_pb_section]<\/p>\n","protected":false},"excerpt":{"rendered":"<p>Ap\u00f3yanosApoyamos a artistas e instituciones de todo el mundo que lo han solicitado, afrontando retos ignorados y de gran potencial y esforz\u00e1ndonos por lograr un impacto significativo y mensurable. Ay\u00fadanos a amplificar el arte e ecualizar las oportunidades. Su donaci\u00f3n contribuye a nuestro \u00e9xito. \u00a1Gracias por su apoyo! IRMA \u2013 International Relations &amp; Music AssociationChemin [&hellip;]<\/p>\n","protected":false},"author":1,"featured_media":0,"parent":0,"menu_order":0,"comment_status":"closed","ping_status":"closed","template":"","meta":{"_et_pb_use_builder":"on","_et_pb_old_content":"","_et_gb_content_width":"","footnotes":""},"dipi_cpt_category":[],"class_list":["post-3421","page","type-page","status-publish","hentry"],"_links":{"self":[{"href":"https:\/\/irma.ac\/es\/wp-json\/wp\/v2\/pages\/3421","targetHints":{"allow":["GET"]}}],"collection":[{"href":"https:\/\/irma.ac\/es\/wp-json\/wp\/v2\/pages"}],"about":[{"href":"https:\/\/irma.ac\/es\/wp-json\/wp\/v2\/types\/page"}],"author":[{"embeddable":true,"href":"https:\/\/irma.ac\/es\/wp-json\/wp\/v2\/users\/1"}],"replies":[{"embeddable":true,"href":"https:\/\/irma.ac\/es\/wp-json\/wp\/v2\/comments?post=3421"}],"version-history":[{"count":10,"href":"https:\/\/irma.ac\/es\/wp-json\/wp\/v2\/pages\/3421\/revisions"}],"predecessor-version":[{"id":3919,"href":"https:\/\/irma.ac\/es\/wp-json\/wp\/v2\/pages\/3421\/revisions\/3919"}],"wp:attachment":[{"href":"https:\/\/irma.ac\/es\/wp-json\/wp\/v2\/media?parent=3421"}],"wp:term":[{"taxonomy":"dipi_cpt_category","embeddable":true,"href":"https:\/\/irma.ac\/es\/wp-json\/wp\/v2\/dipi_cpt_category?post=3421"}],"curies":[{"name":"wp","href":"https:\/\/api.w.org\/{rel}","templated":true}]}}